{"id":6004,"date":"2023-06-30T07:31:46","date_gmt":"2023-06-30T07:31:46","guid":{"rendered":"http:\/\/amurriobidean.org\/?page_id=6004"},"modified":"2023-06-30T07:31:46","modified_gmt":"2023-06-30T07:31:46","slug":"nueva-actividad-extraescolar-en-amurrio-diseno-construccion-y-pilotaje-de-coches-electricos","status":"publish","type":"page","link":"https:\/\/amurriobidean.org\/es\/nueva-actividad-extraescolar-en-amurrio-diseno-construccion-y-pilotaje-de-coches-electricos\/","title":{"rendered":"Nueva actividad extraescolar en Amurrio:  Dise\u00f1o, construcci\u00f3n y pilotaje de coches el\u00e9ctricos."},"content":{"rendered":"<p>A partir de septiembre, Amurrio Bidean dar\u00e1 comienzo a un emocionante proyecto centrado en las \u00e1reas de STEM (Ciencia, Tecnolog\u00eda, Ingenier\u00eda y Matem\u00e1ticas), en el cual las chavalas y chavales de 11 a 16 a\u00f1os tendr\u00e1n la oportunidad de montar un coche el\u00e9ctrico y participar en competiciones en los circuitos GreenPower (+<a href=\"https:\/\/sites.google.com\/kidskitcar.org\/kidskitcar\/home?authuser=0\">Info<\/a>).<\/p>\n<p>Esta actividad est\u00e1 dirigida a las personas empadronadas en Amurrio o al alumnado de centros formativos de la localidad, y tiene como objetivo principal promover las habilidades en ciencia y tecnolog\u00eda. Las participantes se reunir\u00e1n dos veces por semana en las instalaciones del Instituto Zaraobe, donde trabajar\u00e1n en el montaje del coche el\u00e9ctrico, su optimizaci\u00f3n y el desarrollo de estrategias para lograr la velocidad deseada. Tambi\u00e9n se les asignar\u00e1n responsabilidades adicionales, como buscar financiaci\u00f3n y patrocinios para cubrir los gastos y consumibles de las carreras, as\u00ed como encargarse de la comunicaci\u00f3n y el marketing del proyecto.<\/p>\n<p>La participaci\u00f3n m\u00ednima requerida para llevar a cabo esta actividad es de 6 integrantes, mientras que el m\u00e1ximo ser\u00e1 de 12. Esto permitir\u00e1 que las personas participantes formen equipos y trabajen conjuntamente en los diferentes aspectos del proyecto, rotando en las diferentes \u00e1reas; ingenier\u00eda, financiera y de comunicaci\u00f3n.<\/p>\n<p>Adem\u00e1s de ser una experiencia divertida, esta actividad ofrece a las y los j\u00f3venes la oportunidad de desarrollar habilidades pr\u00e1cticas en \u00e1reas relevantes para el futuro, como electricidad, mec\u00e1nica, aerodin\u00e1mica, finanzas y comunicaci\u00f3n. El equipo de profesionales proporcionar\u00e1 la orientaci\u00f3n necesaria para garantizar un aprendizaje efectivo.<\/p>\n<p>La inscripci\u00f3n para participar en este proyecto estar\u00e1 abierta en julio. \u00a0\u00a0Con el fin de fomentar la participaci\u00f3n de las mujeres en estas actividades masculinizadas, se les dar\u00e1 prioridad a la hora de conformar el equipo.<\/p>\n<p>Si tienes inter\u00e9s en formar parte de este equipo de construcci\u00f3n y competici\u00f3n de coches el\u00e9ctricos, en Amurrio Bidean te informaremos, contacta por tel\u00e9fono o WhatsApp en el 945891721, a trav\u00e9s del correo <a href=\"mailto:formacion@amurriobidean.org\">formacion@amurriobidean.org<\/a> o inscr\u00edbete en el siguiente enlace: <a href=\"https:\/\/forms.office.com\/e\/jujNeBKCxj\">https:\/\/forms.office.com\/e\/jujNeBKCxj<\/a>.<\/p>\n<p>\u00a1No pierdas esta oportunidad de formar parte de una experiencia \u00fanica que combina diversi\u00f3n y aprendizaje en el campo de la ciencia y la tecnolog\u00eda!<\/p>\n<p><a href=\"http:\/\/amurriobidean.org\/wp-content\/uploads\/2023\/06\/Presentacion-Coche-electrico.pdf\">Presentaci\u00f3n<\/a><\/p>\n","protected":false},"excerpt":{"rendered":"<p>A partir de septiembre, Amurrio Bidean dar\u00e1 comienzo a un emocionante proyecto centrado en las \u00e1reas de STEM (Ciencia, Tecnolog\u00eda, Ingenier\u00eda y Matem\u00e1ticas), en el cual las chavalas y chavales de 11 a 16 a\u00f1os tendr\u00e1n la oportunidad de montar un coche el\u00e9ctrico y participar en competiciones en los circuitos GreenPower (+Info). Esta actividad est\u00e1 [&hellip;]<\/p>\n","protected":false},"author":5,"featured_media":6007,"parent":0,"menu_order":0,"comment_status":"closed","ping_status":"closed","template":"","meta":{"footnotes":""},"class_list":["post-6004","page","type-page","status-publish","has-post-thumbnail","hentry"],"yoast_head":"<!-- This site is optimized with the Yoast SEO plugin v25.3 - https:\/\/yoast.com\/wordpress\/plugins\/seo\/ -->\n<title>Nueva actividad extraescolar en Amurrio: Dise\u00f1o, construcci\u00f3n y pilotaje de coches el\u00e9ctricos. - Amurrio Bidean. Garapen Agentzia - Agencia de desarrollo.<\/title>\n<meta name=\"description\" content=\"A partir de septiembre, Amurrio Bidean dar\u00e1 comienzo a un emocionante proyecto centrado en las \u00e1reas de STEM (Ciencia, Tecnolog\u00eda, Ingenier\u00eda y Matem\u00e1ticas)\" \/>\n<meta name=\"robots\" content=\"index, follow, max-snippet:-1, max-image-preview:large, max-video-preview:-1\" \/>\n<link rel=\"canonical\" href=\"https:\/\/amurriobidean.org\/es\/nueva-actividad-extraescolar-en-amurrio-diseno-construccion-y-pilotaje-de-coches-electricos\/\" \/>\n<meta property=\"og:locale\" content=\"es_ES\" \/>\n<meta property=\"og:type\" content=\"article\" \/>\n<meta property=\"og:title\" content=\"Nueva actividad extraescolar en Amurrio: Dise\u00f1o, construcci\u00f3n y pilotaje de coches el\u00e9ctricos. - Amurrio Bidean. Garapen Agentzia - Agencia de desarrollo.\" \/>\n<meta property=\"og:description\" content=\"A partir de septiembre, Amurrio Bidean dar\u00e1 comienzo a un emocionante proyecto centrado en las \u00e1reas de STEM (Ciencia, Tecnolog\u00eda, Ingenier\u00eda y Matem\u00e1ticas)\" \/>\n<meta property=\"og:url\" content=\"https:\/\/amurriobidean.org\/es\/nueva-actividad-extraescolar-en-amurrio-diseno-construccion-y-pilotaje-de-coches-electricos\/\" \/>\n<meta property=\"og:site_name\" content=\"Amurrio Bidean. Garapen Agentzia - Agencia de desarrollo.\" \/>\n<meta property=\"article:publisher\" content=\"https:\/\/www.facebook.com\/amurrio.bidean\" \/>\n<meta property=\"og:image\" content=\"https:\/\/amurriobidean.org\/wp-content\/uploads\/2023\/06\/Portada_cas.png\" \/>\n\t<meta property=\"og:image:width\" content=\"1460\" \/>\n\t<meta property=\"og:image:height\" content=\"816\" \/>\n\t<meta property=\"og:image:type\" content=\"image\/png\" \/>\n<meta name=\"twitter:card\" content=\"summary_large_image\" \/>\n<meta name=\"twitter:site\" content=\"@amurriobidean\" \/>\n<meta name=\"twitter:label1\" content=\"Tiempo de lectura\" \/>\n\t<meta name=\"twitter:data1\" content=\"2 minutos\" \/>\n<script type=\"application\/ld+json\" class=\"yoast-schema-graph\">{\"@context\":\"https:\/\/schema.org\",\"@graph\":[{\"@type\":\"WebPage\",\"@id\":\"https:\/\/amurriobidean.org\/es\/nueva-actividad-extraescolar-en-amurrio-diseno-construccion-y-pilotaje-de-coches-electricos\/\",\"url\":\"https:\/\/amurriobidean.org\/es\/nueva-actividad-extraescolar-en-amurrio-diseno-construccion-y-pilotaje-de-coches-electricos\/\",\"name\":\"Nueva actividad extraescolar en Amurrio: Dise\u00f1o, construcci\u00f3n y pilotaje de coches el\u00e9ctricos. - Amurrio Bidean. Garapen Agentzia - Agencia de desarrollo.\",\"isPartOf\":{\"@id\":\"https:\/\/amurriobidean.org\/es\/#website\"},\"primaryImageOfPage\":{\"@id\":\"https:\/\/amurriobidean.org\/es\/nueva-actividad-extraescolar-en-amurrio-diseno-construccion-y-pilotaje-de-coches-electricos\/#primaryimage\"},\"image\":{\"@id\":\"https:\/\/amurriobidean.org\/es\/nueva-actividad-extraescolar-en-amurrio-diseno-construccion-y-pilotaje-de-coches-electricos\/#primaryimage\"},\"thumbnailUrl\":\"https:\/\/amurriobidean.org\/wp-content\/uploads\/2023\/06\/Portada_cas.png\",\"datePublished\":\"2023-06-30T07:31:46+00:00\",\"description\":\"A partir de septiembre, Amurrio Bidean dar\u00e1 comienzo a un emocionante proyecto centrado en las \u00e1reas de STEM (Ciencia, Tecnolog\u00eda, Ingenier\u00eda y Matem\u00e1ticas)\",\"breadcrumb\":{\"@id\":\"https:\/\/amurriobidean.org\/es\/nueva-actividad-extraescolar-en-amurrio-diseno-construccion-y-pilotaje-de-coches-electricos\/#breadcrumb\"},\"inLanguage\":\"es\",\"potentialAction\":[{\"@type\":\"ReadAction\",\"target\":[\"https:\/\/amurriobidean.org\/es\/nueva-actividad-extraescolar-en-amurrio-diseno-construccion-y-pilotaje-de-coches-electricos\/\"]}]},{\"@type\":\"ImageObject\",\"inLanguage\":\"es\",\"@id\":\"https:\/\/amurriobidean.org\/es\/nueva-actividad-extraescolar-en-amurrio-diseno-construccion-y-pilotaje-de-coches-electricos\/#primaryimage\",\"url\":\"https:\/\/amurriobidean.org\/wp-content\/uploads\/2023\/06\/Portada_cas.png\",\"contentUrl\":\"https:\/\/amurriobidean.org\/wp-content\/uploads\/2023\/06\/Portada_cas.png\",\"width\":1460,\"height\":816},{\"@type\":\"BreadcrumbList\",\"@id\":\"https:\/\/amurriobidean.org\/es\/nueva-actividad-extraescolar-en-amurrio-diseno-construccion-y-pilotaje-de-coches-electricos\/#breadcrumb\",\"itemListElement\":[{\"@type\":\"ListItem\",\"position\":1,\"name\":\"Portada\",\"item\":\"https:\/\/amurriobidean.org\/es\/\"},{\"@type\":\"ListItem\",\"position\":2,\"name\":\"Nueva actividad extraescolar en Amurrio: Dise\u00f1o, construcci\u00f3n y pilotaje de coches el\u00e9ctricos.\"}]},{\"@type\":\"WebSite\",\"@id\":\"https:\/\/amurriobidean.org\/es\/#website\",\"url\":\"https:\/\/amurriobidean.org\/es\/\",\"name\":\"Amurrio Bidean. Garapen Agentzia - Agencia de desarrollo.\",\"description\":\"Agencia de Desarollo Local de Amurrio\",\"potentialAction\":[{\"@type\":\"SearchAction\",\"target\":{\"@type\":\"EntryPoint\",\"urlTemplate\":\"https:\/\/amurriobidean.org\/es\/?s={search_term_string}\"},\"query-input\":{\"@type\":\"PropertyValueSpecification\",\"valueRequired\":true,\"valueName\":\"search_term_string\"}}],\"inLanguage\":\"es\"}]}<\/script>\n<!-- \/ Yoast SEO plugin. -->","yoast_head_json":{"title":"Nueva actividad extraescolar en Amurrio: Dise\u00f1o, construcci\u00f3n y pilotaje de coches el\u00e9ctricos. - Amurrio Bidean. Garapen Agentzia - Agencia de desarrollo.","description":"A partir de septiembre, Amurrio Bidean dar\u00e1 comienzo a un emocionante proyecto centrado en las \u00e1reas de STEM (Ciencia, Tecnolog\u00eda, Ingenier\u00eda y Matem\u00e1ticas)","robots":{"index":"index","follow":"follow","max-snippet":"max-snippet:-1","max-image-preview":"max-image-preview:large","max-video-preview":"max-video-preview:-1"},"canonical":"https:\/\/amurriobidean.org\/es\/nueva-actividad-extraescolar-en-amurrio-diseno-construccion-y-pilotaje-de-coches-electricos\/","og_locale":"es_ES","og_type":"article","og_title":"Nueva actividad extraescolar en Amurrio: Dise\u00f1o, construcci\u00f3n y pilotaje de coches el\u00e9ctricos. - Amurrio Bidean. Garapen Agentzia - Agencia de desarrollo.","og_description":"A partir de septiembre, Amurrio Bidean dar\u00e1 comienzo a un emocionante proyecto centrado en las \u00e1reas de STEM (Ciencia, Tecnolog\u00eda, Ingenier\u00eda y Matem\u00e1ticas)","og_url":"https:\/\/amurriobidean.org\/es\/nueva-actividad-extraescolar-en-amurrio-diseno-construccion-y-pilotaje-de-coches-electricos\/","og_site_name":"Amurrio Bidean. Garapen Agentzia - Agencia de desarrollo.","article_publisher":"https:\/\/www.facebook.com\/amurrio.bidean","og_image":[{"width":1460,"height":816,"url":"https:\/\/amurriobidean.org\/wp-content\/uploads\/2023\/06\/Portada_cas.png","type":"image\/png"}],"twitter_card":"summary_large_image","twitter_site":"@amurriobidean","twitter_misc":{"Tiempo de lectura":"2 minutos"},"schema":{"@context":"https:\/\/schema.org","@graph":[{"@type":"WebPage","@id":"https:\/\/amurriobidean.org\/es\/nueva-actividad-extraescolar-en-amurrio-diseno-construccion-y-pilotaje-de-coches-electricos\/","url":"https:\/\/amurriobidean.org\/es\/nueva-actividad-extraescolar-en-amurrio-diseno-construccion-y-pilotaje-de-coches-electricos\/","name":"Nueva actividad extraescolar en Amurrio: Dise\u00f1o, construcci\u00f3n y pilotaje de coches el\u00e9ctricos. - Amurrio Bidean. Garapen Agentzia - Agencia de desarrollo.","isPartOf":{"@id":"https:\/\/amurriobidean.org\/es\/#website"},"primaryImageOfPage":{"@id":"https:\/\/amurriobidean.org\/es\/nueva-actividad-extraescolar-en-amurrio-diseno-construccion-y-pilotaje-de-coches-electricos\/#primaryimage"},"image":{"@id":"https:\/\/amurriobidean.org\/es\/nueva-actividad-extraescolar-en-amurrio-diseno-construccion-y-pilotaje-de-coches-electricos\/#primaryimage"},"thumbnailUrl":"https:\/\/amurriobidean.org\/wp-content\/uploads\/2023\/06\/Portada_cas.png","datePublished":"2023-06-30T07:31:46+00:00","description":"A partir de septiembre, Amurrio Bidean dar\u00e1 comienzo a un emocionante proyecto centrado en las \u00e1reas de STEM (Ciencia, Tecnolog\u00eda, Ingenier\u00eda y Matem\u00e1ticas)","breadcrumb":{"@id":"https:\/\/amurriobidean.org\/es\/nueva-actividad-extraescolar-en-amurrio-diseno-construccion-y-pilotaje-de-coches-electricos\/#breadcrumb"},"inLanguage":"es","potentialAction":[{"@type":"ReadAction","target":["https:\/\/amurriobidean.org\/es\/nueva-actividad-extraescolar-en-amurrio-diseno-construccion-y-pilotaje-de-coches-electricos\/"]}]},{"@type":"ImageObject","inLanguage":"es","@id":"https:\/\/amurriobidean.org\/es\/nueva-actividad-extraescolar-en-amurrio-diseno-construccion-y-pilotaje-de-coches-electricos\/#primaryimage","url":"https:\/\/amurriobidean.org\/wp-content\/uploads\/2023\/06\/Portada_cas.png","contentUrl":"https:\/\/amurriobidean.org\/wp-content\/uploads\/2023\/06\/Portada_cas.png","width":1460,"height":816},{"@type":"BreadcrumbList","@id":"https:\/\/amurriobidean.org\/es\/nueva-actividad-extraescolar-en-amurrio-diseno-construccion-y-pilotaje-de-coches-electricos\/#breadcrumb","itemListElement":[{"@type":"ListItem","position":1,"name":"Portada","item":"https:\/\/amurriobidean.org\/es\/"},{"@type":"ListItem","position":2,"name":"Nueva actividad extraescolar en Amurrio: Dise\u00f1o, construcci\u00f3n y pilotaje de coches el\u00e9ctricos."}]},{"@type":"WebSite","@id":"https:\/\/amurriobidean.org\/es\/#website","url":"https:\/\/amurriobidean.org\/es\/","name":"Amurrio Bidean. Garapen Agentzia - Agencia de desarrollo.","description":"Agencia de Desarollo Local de Amurrio","potentialAction":[{"@type":"SearchAction","target":{"@type":"EntryPoint","urlTemplate":"https:\/\/amurriobidean.org\/es\/?s={search_term_string}"},"query-input":{"@type":"PropertyValueSpecification","valueRequired":true,"valueName":"search_term_string"}}],"inLanguage":"es"}]}},"_links":{"self":[{"href":"https:\/\/amurriobidean.org\/es\/wp-json\/wp\/v2\/pages\/6004","targetHints":{"allow":["GET"]}}],"collection":[{"href":"https:\/\/amurriobidean.org\/es\/wp-json\/wp\/v2\/pages"}],"about":[{"href":"https:\/\/amurriobidean.org\/es\/wp-json\/wp\/v2\/types\/page"}],"author":[{"embeddable":true,"href":"https:\/\/amurriobidean.org\/es\/wp-json\/wp\/v2\/users\/5"}],"replies":[{"embeddable":true,"href":"https:\/\/amurriobidean.org\/es\/wp-json\/wp\/v2\/comments?post=6004"}],"version-history":[{"count":0,"href":"https:\/\/amurriobidean.org\/es\/wp-json\/wp\/v2\/pages\/6004\/revisions"}],"wp:featuredmedia":[{"embeddable":true,"href":"https:\/\/amurriobidean.org\/es\/wp-json\/wp\/v2\/media\/6007"}],"wp:attachment":[{"href":"https:\/\/amurriobidean.org\/es\/wp-json\/wp\/v2\/media?parent=6004"}],"curies":[{"name":"wp","href":"https:\/\/api.w.org\/{rel}","templated":true}]}}