{"id":1398,"date":"2016-11-25T09:44:17","date_gmt":"2016-11-25T09:44:17","guid":{"rendered":"http:\/\/amurriobidean.eus\/?page_id=1398"},"modified":"2021-03-04T08:23:53","modified_gmt":"2021-03-04T08:23:53","slug":"presentacion","status":"publish","type":"page","link":"https:\/\/amurriobidean.org\/es\/presentacion\/","title":{"rendered":"Presentaci\u00f3n"},"content":{"rendered":"\n<style type=\"text\/css\" data-created_by=\"avia_inline_auto\" id=\"style-css-av-wuq1py-adf2acc9b6ba2ede1e269f89e2d5521f\">\n.avia-section.av-wuq1py-adf2acc9b6ba2ede1e269f89e2d5521f{\nbackground-color:#00c389;\nbackground-image:unset;\n}\n<\/style>\n<div id='av_section_1'  class='avia-section av-wuq1py-adf2acc9b6ba2ede1e269f89e2d5521f main_color avia-section-default avia-no-border-styling  avia-builder-el-0  el_before_av_section  avia-builder-el-first  avia-bg-style-scroll container_wrap sidebar_right'  ><div class='container av-section-cont-open' ><main  role=\"main\" itemprop=\"mainContentOfPage\"  class='template-page content  av-content-small alpha units'><div class='post-entry post-entry-type-page post-entry-1398'><div class='entry-content-wrapper clearfix'>\n\n<style type=\"text\/css\" data-created_by=\"avia_inline_auto\" id=\"style-css-av-uvclpy-a39bfe3d918c29ae18ae9c8efe25ae93\">\n.flex_column.av-uvclpy-a39bfe3d918c29ae18ae9c8efe25ae93{\nborder-radius:0px 0px 0px 0px;\npadding:20px 0px 20px 0px;\nbackground-color:#00c389;\n}\n<\/style>\n<div  class='flex_column av-uvclpy-a39bfe3d918c29ae18ae9c8efe25ae93 av_one_full  avia-builder-el-1  avia-builder-el-no-sibling  first no_margin flex_column_div av-animated-generic fade-in  '     ><style type=\"text\/css\" data-created_by=\"avia_inline_auto\" id=\"style-css-av-2ttso6-f4cd55189461e3f2b4ae1a89a450f25c\">\n#top .av-special-heading.av-2ttso6-f4cd55189461e3f2b4ae1a89a450f25c{\npadding-bottom:10px;\ncolor:#ffffff;\nfont-size:35px;\n}\nbody .av-special-heading.av-2ttso6-f4cd55189461e3f2b4ae1a89a450f25c .av-special-heading-tag .heading-char{\nfont-size:25px;\n}\n#top #wrap_all .av-special-heading.av-2ttso6-f4cd55189461e3f2b4ae1a89a450f25c .av-special-heading-tag{\nfont-size:35px;\n}\n.av-special-heading.av-2ttso6-f4cd55189461e3f2b4ae1a89a450f25c .special-heading-inner-border{\nborder-color:#ffffff;\n}\n.av-special-heading.av-2ttso6-f4cd55189461e3f2b4ae1a89a450f25c .av-subheading{\nfont-size:15px;\n}\n\n@media only screen and (min-width: 480px) and (max-width: 767px){ \n#top #wrap_all .av-special-heading.av-2ttso6-f4cd55189461e3f2b4ae1a89a450f25c .av-special-heading-tag{\nfont-size:0.8em;\n}\n}\n\n@media only screen and (max-width: 479px){ \n#top #wrap_all .av-special-heading.av-2ttso6-f4cd55189461e3f2b4ae1a89a450f25c .av-special-heading-tag{\nfont-size:0.8em;\n}\n}\n<\/style>\n<div  class='av-special-heading av-2ttso6-f4cd55189461e3f2b4ae1a89a450f25c av-special-heading-h1 custom-color-heading blockquote modern-quote modern-centered  avia-builder-el-2  avia-builder-el-no-sibling  av-inherit-size'><h1 class='av-special-heading-tag '  itemprop=\"headline\"  >PRESENTACI\u00d3N<\/h1><div class=\"special-heading-border\"><div class=\"special-heading-inner-border\"><\/div><\/div><\/div><\/div>\n\n<\/div><\/div><\/main><!-- close content main element --><\/div><\/div><div id='av_section_2'  class='avia-section av-qpyily-4e78208a642db07c2bc8c76e94740382 main_color avia-section-default avia-no-shadow  avia-builder-el-3  el_after_av_section  el_before_av_section  avia-bg-style-scroll container_wrap sidebar_right'  ><div class='container av-section-cont-open' ><div class='template-page content  av-content-small alpha units'><div class='post-entry post-entry-type-page post-entry-1398'><div class='entry-content-wrapper clearfix'>\n\n<style type=\"text\/css\" data-created_by=\"avia_inline_auto\" id=\"style-css-av-pgy59y-54bb54177c10e18b83c3a22a1ccb2025\">\n.flex_column.av-pgy59y-54bb54177c10e18b83c3a22a1ccb2025{\nborder-radius:0px 0px 0px 0px;\npadding:0px 0px 0px 0px;\n}\n<\/style>\n<div  class='flex_column av-pgy59y-54bb54177c10e18b83c3a22a1ccb2025 av_one_full  avia-builder-el-4  avia-builder-el-no-sibling  first flex_column_div av-zero-column-padding  '     ><style type=\"text\/css\" data-created_by=\"avia_inline_auto\" id=\"style-css-av-nf03xy-d40be737600c0e2972c592cc5200ee56\">\n#top .av_textblock_section.av-nf03xy-d40be737600c0e2972c592cc5200ee56 .avia_textblock{\nfont-size:20px;\n}\n<\/style>\n<section  class='av_textblock_section av-nf03xy-d40be737600c0e2972c592cc5200ee56 '   itemscope=\"itemscope\" itemtype=\"https:\/\/schema.org\/CreativeWork\" ><div class='avia_textblock'  itemprop=\"text\" ><p>Amurrio Bidean es la Sociedad para el Desarrollo Local del Ayuntamiento de Amurrio, creada en el a\u00f1o 2006 con el objeto de potenciar la actividad econ\u00f3mica del municipio.<\/p>\n<p>Su objetivo es favorecer el desarrollo econ\u00f3mico sostenible del municipio y mejorar la calidad de vida de sus habitantes, mediante el fomento de la cultura emprendedora y el apoyo a las nuevas iniciativas empresariales, el impulso al aprendizaje a lo largo de toda la vida y la mejora de la competitividad de las empresas locales, todo ello en coordinaci\u00f3n con otros agentes p\u00fablicos y privados.<\/p>\n<p>En 2006, Amurrio Bidean obtuvo la certificaci\u00f3n de calidad por parte de Lloyds Register seg\u00fan la norma ISO 9001:2000, en los servicios de Apoyo a empresas, Autoempleo y Formaci\u00f3n. En abril de 2010 se actualiza la certificaci\u00f3n seg\u00fan los requisitos que exige la nueva norma ISO 9001\/2008.<\/p>\n<\/div><\/section><\/div>\n\n<\/div><\/div><\/div><!-- close content main div --><\/div><\/div>\n<style type=\"text\/css\" data-created_by=\"avia_inline_auto\" id=\"style-css-av-m1zpfa-2766c7839c2c2fb360a3bf3884b311be\">\n.avia-section.av-m1zpfa-2766c7839c2c2fb360a3bf3884b311be{\nbackground-color:#ffffff;\nbackground-image:unset;\n}\n<\/style>\n<div id='av_section_3'  class='avia-section av-m1zpfa-2766c7839c2c2fb360a3bf3884b311be main_color avia-section-default avia-no-border-styling  avia-builder-el-6  el_after_av_section  el_before_av_section  avia-bg-style-scroll container_wrap sidebar_right'  ><div class='container av-section-cont-open' ><div class='template-page content  av-content-small alpha units'><div class='post-entry post-entry-type-page post-entry-1398'><div class='entry-content-wrapper clearfix'>\n\n<style type=\"text\/css\" data-created_by=\"avia_inline_auto\" id=\"style-css-av-k16tkm-9a1615a9b10cc6eb70ed6bdac543640a\">\n.flex_column.av-k16tkm-9a1615a9b10cc6eb70ed6bdac543640a{\nborder-radius:0px 0px 0px 0px;\npadding:20px 0px 20px 0px;\nbackground-color:#00c389;\n}\n<\/style>\n<div  class='flex_column av-k16tkm-9a1615a9b10cc6eb70ed6bdac543640a av_one_full  avia-builder-el-7  avia-builder-el-no-sibling  first no_margin flex_column_div av-animated-generic fade-in  '     ><style type=\"text\/css\" data-created_by=\"avia_inline_auto\" id=\"style-css-av-av_heading-822bc1577ca5d2d20b7751ab6d4e7b5c\">\n#top .av-special-heading.av-av_heading-822bc1577ca5d2d20b7751ab6d4e7b5c{\npadding-bottom:10px;\ncolor:#ffffff;\nfont-size:30px;\n}\nbody .av-special-heading.av-av_heading-822bc1577ca5d2d20b7751ab6d4e7b5c .av-special-heading-tag .heading-char{\nfont-size:25px;\n}\n#top #wrap_all .av-special-heading.av-av_heading-822bc1577ca5d2d20b7751ab6d4e7b5c .av-special-heading-tag{\nfont-size:30px;\n}\n.av-special-heading.av-av_heading-822bc1577ca5d2d20b7751ab6d4e7b5c .special-heading-inner-border{\nborder-color:#ffffff;\n}\n.av-special-heading.av-av_heading-822bc1577ca5d2d20b7751ab6d4e7b5c .av-subheading{\nfont-size:15px;\n}\n\n@media only screen and (min-width: 480px) and (max-width: 767px){ \n#top #wrap_all .av-special-heading.av-av_heading-822bc1577ca5d2d20b7751ab6d4e7b5c .av-special-heading-tag{\nfont-size:0.8em;\n}\n}\n\n@media only screen and (max-width: 479px){ \n#top #wrap_all .av-special-heading.av-av_heading-822bc1577ca5d2d20b7751ab6d4e7b5c .av-special-heading-tag{\nfont-size:0.8em;\n}\n}\n<\/style>\n<div  class='av-special-heading av-av_heading-822bc1577ca5d2d20b7751ab6d4e7b5c av-special-heading-h2 custom-color-heading blockquote modern-quote modern-centered  avia-builder-el-8  avia-builder-el-no-sibling  av-inherit-size'><h2 class='av-special-heading-tag '  itemprop=\"headline\"  >\u00c1mbitos de Intervenci\u00f3n<\/h2><div class=\"special-heading-border\"><div class=\"special-heading-inner-border\"><\/div><\/div><\/div><\/div><\/div><\/div><\/div><!-- close content main div --><\/div><\/div><div id='av_section_4'  class='avia-section av-hwm9gm-74bdeb21d0f34255ae3ab7a6bb584410 main_color avia-section-default avia-no-border-styling  avia-builder-el-9  el_after_av_section  avia-builder-el-last  avia-bg-style-scroll container_wrap sidebar_right'  ><div class='container av-section-cont-open' ><div class='template-page content  av-content-small alpha units'><div class='post-entry post-entry-type-page post-entry-1398'><div class='entry-content-wrapper clearfix'>\n\n<style type=\"text\/css\" data-created_by=\"avia_inline_auto\" id=\"style-css-av-fa3ww6-26f47ec30374156ee713bd87ddb23055\">\n.flex_column.av-fa3ww6-26f47ec30374156ee713bd87ddb23055{\nborder-radius:0px 0px 0px 0px;\npadding:0px 0px 0px 0px;\n}\n<\/style>\n<div  class='flex_column av-fa3ww6-26f47ec30374156ee713bd87ddb23055 av_one_fifth  avia-builder-el-10  el_before_av_three_fourth  avia-builder-el-first  first flex_column_div av-zero-column-padding  '     ><\/div>\n<style type=\"text\/css\" data-created_by=\"avia_inline_auto\" id=\"style-css-av-dp25pi-4fd4cb85b26ef044667a893500869b12\">\n.flex_column.av-dp25pi-4fd4cb85b26ef044667a893500869b12{\nborder-radius:0px 0px 0px 0px;\npadding:0px 0px 0px 0px;\n}\n<\/style>\n<div  class='flex_column av-dp25pi-4fd4cb85b26ef044667a893500869b12 av_three_fourth  avia-builder-el-11  el_after_av_one_fifth  avia-builder-el-last  flex_column_div av-zero-column-padding  '     ><style type=\"text\/css\" data-created_by=\"avia_inline_auto\" id=\"style-css-av-buryxi-17383cff7c891105e8762b4585ac4815\">\n#top .avia-icon-list-container.av-buryxi-17383cff7c891105e8762b4585ac4815 .iconlist_icon{\ncolor:#ffffff;\nbackground-color:#00c389;\n}\n#top .avia-icon-list-container.av-buryxi-17383cff7c891105e8762b4585ac4815 .iconlist_icon svg:first-child{\nstroke:#ffffff;\nfill:#ffffff;\n}\n<\/style>\n<div  class='avia-icon-list-container av-buryxi-17383cff7c891105e8762b4585ac4815  avia-builder-el-12  avia-builder-el-no-sibling '><ul class='avia-icon-list avia_animate_when_almost_visible avia-icon-list-left av-iconlist-big av-buryxi-17383cff7c891105e8762b4585ac4815 avia-iconlist-animate'>\n<li><div class='iconlist_icon av-b3wgom-5d2af49ced520c9528757d7aa588f402 avia-font-entypo-fontello avia-iconfont avia-font-entypo-fontello'><span class='av-icon-char' data-av_icon='\ue812' data-av_iconfont='entypo-fontello' aria-hidden=\"true\"><\/span><\/div><article class=\"article-icon-entry \"  itemscope=\"itemscope\" itemtype=\"https:\/\/schema.org\/CreativeWork\" ><div class=\"iconlist_content_wrap\"><header class=\"entry-content-header\" aria-label=\"Icon: Emprendizaje\"><h4 class='av_iconlist_title iconlist_title  '  itemprop=\"headline\" >Emprendizaje<\/h4><\/header><div class='iconlist_content '  itemprop=\"text\" ><p>Apoyo a la puesta en marcha de nuevas iniciativas empresariales y puesta a disposici\u00f3n de los emprendedores locales los recursos del Semillero de Empresas &#8211; Refor Amurrio Enpresaldea.<\/p>\n<\/div><\/div><footer class=\"entry-footer\"><\/footer><\/article><div class=\"iconlist-timeline\"><\/div><\/li>\n<li><div class='iconlist_icon av-9sg01y-9df690f87f82824c55455161c3134381 avia-font-entypo-fontello avia-iconfont avia-font-entypo-fontello'><span class='av-icon-char' data-av_icon='\ue812' data-av_iconfont='entypo-fontello' aria-hidden=\"true\"><\/span><\/div><article class=\"article-icon-entry \"  itemscope=\"itemscope\" itemtype=\"https:\/\/schema.org\/CreativeWork\" ><div class=\"iconlist_content_wrap\"><header class=\"entry-content-header\" aria-label=\"Icon: Empresas\"><h4 class='av_iconlist_title iconlist_title  '  itemprop=\"headline\" >Empresas<\/h4><\/header><div class='iconlist_content '  itemprop=\"text\" ><p>Apoyo en la gesti\u00f3n y en la mejora de la competitividad de las empresas locales.<\/p>\n<\/div><\/div><footer class=\"entry-footer\"><\/footer><\/article><div class=\"iconlist-timeline\"><\/div><\/li>\n<li><div class='iconlist_icon av-tcp7a-29d08606bf2831c2e16d3a1cd30cf157 avia-font-entypo-fontello avia-iconfont avia-font-entypo-fontello'><span class='av-icon-char' data-av_icon='\ue812' data-av_iconfont='entypo-fontello' aria-hidden=\"true\"><\/span><\/div><article class=\"article-icon-entry \"  itemscope=\"itemscope\" itemtype=\"https:\/\/schema.org\/CreativeWork\" ><div class=\"iconlist_content_wrap\"><header class=\"entry-content-header\" aria-label=\"Icon: Observatorio\"><h4 class='av_iconlist_title iconlist_title  '  itemprop=\"headline\" >Observatorio<\/h4><\/header><div class='iconlist_content '  itemprop=\"text\" ><p>Realizaci\u00f3n de estudios e informes sobre el tejido econ\u00f3mico local<\/p>\n<\/div><\/div><footer class=\"entry-footer\"><\/footer><\/article><div class=\"iconlist-timeline\"><\/div><\/li>\n<li><div class='iconlist_icon av-5af3hi-7dc03b48ef5a741e10bb6863f3226594 avia-font-entypo-fontello avia-iconfont avia-font-entypo-fontello'><span class='av-icon-char' data-av_icon='\ue812' data-av_iconfont='entypo-fontello' aria-hidden=\"true\"><\/span><\/div><article class=\"article-icon-entry \"  itemscope=\"itemscope\" itemtype=\"https:\/\/schema.org\/CreativeWork\" ><div class=\"iconlist_content_wrap\"><header class=\"entry-content-header\" aria-label=\"Icon: Formaci\u00f3n\"><h4 class='av_iconlist_title iconlist_title  '  itemprop=\"headline\" >Formaci\u00f3n<\/h4><\/header><div class='iconlist_content '  itemprop=\"text\" ><p>Organizaci\u00f3n de cursos de formaci\u00f3n ocupacional y reciclaje a trabajadores y desempleados del entorno, a trav\u00e9s de las necesidades detectadas.<\/p>\n<\/div><\/div><footer class=\"entry-footer\"><\/footer><\/article><div class=\"iconlist-timeline\"><\/div><\/li>\n<li><div class='iconlist_icon av-44hjcm-747c8f61f7b3afadaf32b09a1ab92f0d avia-font-entypo-fontello avia-iconfont avia-font-entypo-fontello'><span class='av-icon-char' data-av_icon='\ue812' data-av_iconfont='entypo-fontello' aria-hidden=\"true\"><\/span><\/div><article class=\"article-icon-entry \"  itemscope=\"itemscope\" itemtype=\"https:\/\/schema.org\/CreativeWork\" ><div class=\"iconlist_content_wrap\"><header class=\"entry-content-header\" aria-label=\"Icon: Turismo\"><h4 class='av_iconlist_title iconlist_title  '  itemprop=\"headline\" >Turismo<\/h4><\/header><div class='iconlist_content '  itemprop=\"text\" ><p>Fomento de iniciativas tur\u00edsticas y gesti\u00f3n de recursos tur\u00edsticos (Aresketamendi, Goikomendi-Kuxkumendi, Museo del Licor, Oficina de Turismo).<\/p>\n<\/div><\/div><footer class=\"entry-footer\"><\/footer><\/article><div class=\"iconlist-timeline\"><\/div><\/li>\n<li><div class='iconlist_icon av-2wabee-73857877470122a4ad6db508bbf80e6f avia-font-entypo-fontello avia-iconfont avia-font-entypo-fontello'><span class='av-icon-char' data-av_icon='\ue812' data-av_iconfont='entypo-fontello' aria-hidden=\"true\"><\/span><\/div><article class=\"article-icon-entry \"  itemscope=\"itemscope\" itemtype=\"https:\/\/schema.org\/CreativeWork\" ><div class=\"iconlist_content_wrap\"><header class=\"entry-content-header\" aria-label=\"Icon: Comercio\"><h4 class='av_iconlist_title iconlist_title  '  itemprop=\"headline\" >Comercio<\/h4><\/header><div class='iconlist_content '  itemprop=\"text\" ><p>Dinamizaci\u00f3n comercial, promoviendo y facilitando la actuaci\u00f3n conjunta de los comercios, asociaci\u00f3n de comerciantes e instituciones p\u00fablicas de forma que se creen sinergias para el conjunto del sector.<\/p>\n<\/div><\/div><footer class=\"entry-footer\"><\/footer><\/article><div class=\"iconlist-timeline\"><\/div><\/li>\n<\/ul><\/div><\/div><\/div><\/div><\/div><!-- close content main div --><\/div><\/div><div id='after_section_4'  class='main_color av_default_container_wrap container_wrap sidebar_right'  ><div class='container av-section-cont-open' ><div class='template-page content  av-content-small alpha units'><div class='post-entry post-entry-type-page post-entry-1398'><div class='entry-content-wrapper clearfix'><\/p>\n","protected":false},"excerpt":{"rendered":"","protected":false},"author":1,"featured_media":0,"parent":0,"menu_order":0,"comment_status":"closed","ping_status":"closed","template":"","meta":{"footnotes":""},"class_list":["post-1398","page","type-page","status-publish","hentry"],"yoast_head":"<!-- This site is optimized with the Yoast SEO plugin v25.3 - https:\/\/yoast.com\/wordpress\/plugins\/seo\/ -->\n<title>Presentaci\u00f3n - Amurrio Bidean. Garapen Agentzia - Agencia de desarrollo.<\/title>\n<meta name=\"robots\" content=\"index, follow, max-snippet:-1, max-image-preview:large, max-video-preview:-1\" \/>\n<link rel=\"canonical\" href=\"https:\/\/amurriobidean.org\/es\/presentacion\/\" \/>\n<meta property=\"og:locale\" content=\"es_ES\" \/>\n<meta property=\"og:type\" content=\"article\" \/>\n<meta property=\"og:title\" content=\"Presentaci\u00f3n - Amurrio Bidean. Garapen Agentzia - Agencia de desarrollo.\" \/>\n<meta property=\"og:url\" content=\"https:\/\/amurriobidean.org\/es\/presentacion\/\" \/>\n<meta property=\"og:site_name\" content=\"Amurrio Bidean. Garapen Agentzia - Agencia de desarrollo.\" \/>\n<meta property=\"article:publisher\" content=\"https:\/\/www.facebook.com\/amurrio.bidean\" \/>\n<meta property=\"article:modified_time\" content=\"2021-03-04T08:23:53+00:00\" \/>\n<meta name=\"twitter:card\" content=\"summary_large_image\" \/>\n<meta name=\"twitter:site\" content=\"@amurriobidean\" \/>\n<meta name=\"twitter:label1\" content=\"Tiempo de lectura\" \/>\n\t<meta name=\"twitter:data1\" content=\"8 minutos\" \/>\n<script type=\"application\/ld+json\" class=\"yoast-schema-graph\">{\"@context\":\"https:\/\/schema.org\",\"@graph\":[{\"@type\":\"WebPage\",\"@id\":\"https:\/\/amurriobidean.org\/es\/presentacion\/\",\"url\":\"https:\/\/amurriobidean.org\/es\/presentacion\/\",\"name\":\"Presentaci\u00f3n - Amurrio Bidean. Garapen Agentzia - Agencia de desarrollo.\",\"isPartOf\":{\"@id\":\"https:\/\/amurriobidean.org\/es\/#website\"},\"datePublished\":\"2016-11-25T09:44:17+00:00\",\"dateModified\":\"2021-03-04T08:23:53+00:00\",\"breadcrumb\":{\"@id\":\"https:\/\/amurriobidean.org\/es\/presentacion\/#breadcrumb\"},\"inLanguage\":\"es\",\"potentialAction\":[{\"@type\":\"ReadAction\",\"target\":[\"https:\/\/amurriobidean.org\/es\/presentacion\/\"]}]},{\"@type\":\"BreadcrumbList\",\"@id\":\"https:\/\/amurriobidean.org\/es\/presentacion\/#breadcrumb\",\"itemListElement\":[{\"@type\":\"ListItem\",\"position\":1,\"name\":\"Portada\",\"item\":\"https:\/\/amurriobidean.org\/es\/\"},{\"@type\":\"ListItem\",\"position\":2,\"name\":\"Presentaci\u00f3n\"}]},{\"@type\":\"WebSite\",\"@id\":\"https:\/\/amurriobidean.org\/es\/#website\",\"url\":\"https:\/\/amurriobidean.org\/es\/\",\"name\":\"Amurrio Bidean. Garapen Agentzia - Agencia de desarrollo.\",\"description\":\"Agencia de Desarollo Local de Amurrio\",\"potentialAction\":[{\"@type\":\"SearchAction\",\"target\":{\"@type\":\"EntryPoint\",\"urlTemplate\":\"https:\/\/amurriobidean.org\/es\/?s={search_term_string}\"},\"query-input\":{\"@type\":\"PropertyValueSpecification\",\"valueRequired\":true,\"valueName\":\"search_term_string\"}}],\"inLanguage\":\"es\"}]}<\/script>\n<!-- \/ Yoast SEO plugin. -->","yoast_head_json":{"title":"Presentaci\u00f3n - Amurrio Bidean. Garapen Agentzia - Agencia de desarrollo.","robots":{"index":"index","follow":"follow","max-snippet":"max-snippet:-1","max-image-preview":"max-image-preview:large","max-video-preview":"max-video-preview:-1"},"canonical":"https:\/\/amurriobidean.org\/es\/presentacion\/","og_locale":"es_ES","og_type":"article","og_title":"Presentaci\u00f3n - Amurrio Bidean. Garapen Agentzia - Agencia de desarrollo.","og_url":"https:\/\/amurriobidean.org\/es\/presentacion\/","og_site_name":"Amurrio Bidean. Garapen Agentzia - Agencia de desarrollo.","article_publisher":"https:\/\/www.facebook.com\/amurrio.bidean","article_modified_time":"2021-03-04T08:23:53+00:00","twitter_card":"summary_large_image","twitter_site":"@amurriobidean","twitter_misc":{"Tiempo de lectura":"8 minutos"},"schema":{"@context":"https:\/\/schema.org","@graph":[{"@type":"WebPage","@id":"https:\/\/amurriobidean.org\/es\/presentacion\/","url":"https:\/\/amurriobidean.org\/es\/presentacion\/","name":"Presentaci\u00f3n - Amurrio Bidean. Garapen Agentzia - Agencia de desarrollo.","isPartOf":{"@id":"https:\/\/amurriobidean.org\/es\/#website"},"datePublished":"2016-11-25T09:44:17+00:00","dateModified":"2021-03-04T08:23:53+00:00","breadcrumb":{"@id":"https:\/\/amurriobidean.org\/es\/presentacion\/#breadcrumb"},"inLanguage":"es","potentialAction":[{"@type":"ReadAction","target":["https:\/\/amurriobidean.org\/es\/presentacion\/"]}]},{"@type":"BreadcrumbList","@id":"https:\/\/amurriobidean.org\/es\/presentacion\/#breadcrumb","itemListElement":[{"@type":"ListItem","position":1,"name":"Portada","item":"https:\/\/amurriobidean.org\/es\/"},{"@type":"ListItem","position":2,"name":"Presentaci\u00f3n"}]},{"@type":"WebSite","@id":"https:\/\/amurriobidean.org\/es\/#website","url":"https:\/\/amurriobidean.org\/es\/","name":"Amurrio Bidean. Garapen Agentzia - Agencia de desarrollo.","description":"Agencia de Desarollo Local de Amurrio","potentialAction":[{"@type":"SearchAction","target":{"@type":"EntryPoint","urlTemplate":"https:\/\/amurriobidean.org\/es\/?s={search_term_string}"},"query-input":{"@type":"PropertyValueSpecification","valueRequired":true,"valueName":"search_term_string"}}],"inLanguage":"es"}]}},"_links":{"self":[{"href":"https:\/\/amurriobidean.org\/es\/wp-json\/wp\/v2\/pages\/1398","targetHints":{"allow":["GET"]}}],"collection":[{"href":"https:\/\/amurriobidean.org\/es\/wp-json\/wp\/v2\/pages"}],"about":[{"href":"https:\/\/amurriobidean.org\/es\/wp-json\/wp\/v2\/types\/page"}],"author":[{"embeddable":true,"href":"https:\/\/amurriobidean.org\/es\/wp-json\/wp\/v2\/users\/1"}],"replies":[{"embeddable":true,"href":"https:\/\/amurriobidean.org\/es\/wp-json\/wp\/v2\/comments?post=1398"}],"version-history":[{"count":0,"href":"https:\/\/amurriobidean.org\/es\/wp-json\/wp\/v2\/pages\/1398\/revisions"}],"wp:attachment":[{"href":"https:\/\/amurriobidean.org\/es\/wp-json\/wp\/v2\/media?parent=1398"}],"curies":[{"name":"wp","href":"https:\/\/api.w.org\/{rel}","templated":true}]}}