{"id":1374,"date":"2016-11-25T08:42:43","date_gmt":"2016-11-25T08:42:43","guid":{"rendered":"http:\/\/amurriobidean.eus\/?page_id=1374"},"modified":"2024-02-08T13:34:46","modified_gmt":"2024-02-08T11:34:46","slug":"datos-estadisticos","status":"publish","type":"page","link":"https:\/\/amurriobidean.org\/es\/datos-estadisticos\/","title":{"rendered":"Datos estad\u00edsticos"},"content":{"rendered":"\n<style type=\"text\/css\" data-created_by=\"avia_inline_auto\" id=\"style-css-av-114vlni-58048f84f4ae190efaaa789738f5f78f\">\n.avia-section.av-114vlni-58048f84f4ae190efaaa789738f5f78f{\nbackground-color:#00c389;\nbackground-image:unset;\n}\n<\/style>\n<div id='av_section_1'  class='avia-section av-114vlni-58048f84f4ae190efaaa789738f5f78f main_color avia-section-default avia-no-border-styling  avia-builder-el-0  el_before_av_section  avia-builder-el-first  avia-bg-style-scroll container_wrap sidebar_right'  ><div class='container av-section-cont-open' ><main  role=\"main\" itemprop=\"mainContentOfPage\"  class='template-page content  av-content-small alpha units'><div class='post-entry post-entry-type-page post-entry-1374'><div class='entry-content-wrapper clearfix'>\n\n<style type=\"text\/css\" data-created_by=\"avia_inline_auto\" id=\"style-css-av-zuxsm6-87b7c4f7bc4808658e1e428f5bab8788\">\n.flex_column.av-zuxsm6-87b7c4f7bc4808658e1e428f5bab8788{\nborder-radius:0px 0px 0px 0px;\npadding:20px 0px 20px 0px;\nbackground-color:#00c389;\n}\n<\/style>\n<div  class='flex_column av-zuxsm6-87b7c4f7bc4808658e1e428f5bab8788 av_one_full  avia-builder-el-1  avia-builder-el-no-sibling  first no_margin flex_column_div av-animated-generic fade-in  '     ><style type=\"text\/css\" data-created_by=\"avia_inline_auto\" id=\"style-css-av-lsd392r2-cdef6058816aa0dabaa544268679d056\">\n#top .av-special-heading.av-lsd392r2-cdef6058816aa0dabaa544268679d056{\npadding-bottom:10px;\ncolor:#ffffff;\nfont-size:35px;\n}\nbody .av-special-heading.av-lsd392r2-cdef6058816aa0dabaa544268679d056 .av-special-heading-tag .heading-char{\nfont-size:25px;\n}\n#top #wrap_all .av-special-heading.av-lsd392r2-cdef6058816aa0dabaa544268679d056 .av-special-heading-tag{\nfont-size:35px;\n}\n.av-special-heading.av-lsd392r2-cdef6058816aa0dabaa544268679d056 .special-heading-inner-border{\nborder-color:#ffffff;\n}\n.av-special-heading.av-lsd392r2-cdef6058816aa0dabaa544268679d056 .av-subheading{\nfont-size:15px;\n}\n\n@media only screen and (min-width: 480px) and (max-width: 767px){ \n#top #wrap_all .av-special-heading.av-lsd392r2-cdef6058816aa0dabaa544268679d056 .av-special-heading-tag{\nfont-size:0.8em;\n}\n}\n\n@media only screen and (max-width: 479px){ \n#top #wrap_all .av-special-heading.av-lsd392r2-cdef6058816aa0dabaa544268679d056 .av-special-heading-tag{\nfont-size:0.8em;\n}\n}\n<\/style>\n<div  class='av-special-heading av-lsd392r2-cdef6058816aa0dabaa544268679d056 av-special-heading-h1 custom-color-heading blockquote modern-quote modern-centered  avia-builder-el-2  avia-builder-el-no-sibling  av-inherit-size'><h1 class='av-special-heading-tag '  itemprop=\"headline\"  >EUSTAT<\/h1><div class=\"special-heading-border\"><div class=\"special-heading-inner-border\"><\/div><\/div><\/div><\/div><\/div><\/div><\/main><!-- close content main element --><\/div><\/div><div id='av_section_2'  class='avia-section av-vzdsf2-da4a9873bad0b623dcbeae710e6f1e12 main_color avia-section-default avia-no-shadow  avia-builder-el-3  el_after_av_section  el_before_av_section  avia-bg-style-scroll container_wrap sidebar_right'  ><div class='container av-section-cont-open' ><div class='template-page content  av-content-small alpha units'><div class='post-entry post-entry-type-page post-entry-1374'><div class='entry-content-wrapper clearfix'>\n\n<style type=\"text\/css\" data-created_by=\"avia_inline_auto\" id=\"style-css-av-3546a6-1ce28ce9c921cce4835ad98f1098cebd\">\n.flex_column.av-3546a6-1ce28ce9c921cce4835ad98f1098cebd{\nborder-radius:0px 0px 0px 0px;\npadding:0px 0px 0px 0px;\n}\n<\/style>\n<div  class='flex_column av-3546a6-1ce28ce9c921cce4835ad98f1098cebd av_one_full  avia-builder-el-4  el_before_av_one_fifth  avia-builder-el-first  first flex_column_div av-zero-column-padding  '     ><style type=\"text\/css\" data-created_by=\"avia_inline_auto\" id=\"style-css-av-slbxem-e8add485b99c1f6debe00f301cdc89e2\">\n#top .av_textblock_section.av-slbxem-e8add485b99c1f6debe00f301cdc89e2 .avia_textblock{\nfont-size:20px;\n}\n<\/style>\n<section  class='av_textblock_section av-slbxem-e8add485b99c1f6debe00f301cdc89e2 '   itemscope=\"itemscope\" itemtype=\"https:\/\/schema.org\/CreativeWork\" ><div class='avia_textblock'  itemprop=\"text\" ><p>Su objetivo es describir con detalle la situaci\u00f3n de los municipios de la Comunidad Aut\u00f3noma del Pa\u00eds Vasco. Herramienta del Eustat que ofrece datos estad\u00edsticos sobre poblaci\u00f3n, demograf\u00eda, educaci\u00f3n, mercado laboral, euskera, igualdad, renta, vivienda, presupuestos, econom\u00eda-empresa y datos del sector primario.<\/p>\n<\/div><\/section><\/div>\n<style type=\"text\/css\" data-created_by=\"avia_inline_auto\" id=\"style-css-av-qn6umm-0e692e8de0675d392d9e87060da0fa44\">\n.flex_column.av-qn6umm-0e692e8de0675d392d9e87060da0fa44{\nborder-radius:0px 0px 0px 0px;\npadding:0px 0px 0px 0px;\n}\n<\/style>\n<div  class='flex_column av-qn6umm-0e692e8de0675d392d9e87060da0fa44 av_one_fifth  avia-builder-el-6  el_after_av_one_full  el_before_av_three_fifth  first flex_column_div av-zero-column-padding  column-top-margin'     ><\/div>\n<style type=\"text\/css\" data-created_by=\"avia_inline_auto\" id=\"style-css-av-pme9fy-bec83a6fd5296f42fa0e33eb35e99869\">\n.flex_column.av-pme9fy-bec83a6fd5296f42fa0e33eb35e99869{\nborder-radius:0px 0px 0px 0px;\npadding:0px 0px 0px 0px;\n}\n<\/style>\n<div  class='flex_column av-pme9fy-bec83a6fd5296f42fa0e33eb35e99869 av_three_fifth  avia-builder-el-7  el_after_av_one_fifth  el_before_av_one_fifth  flex_column_div av-zero-column-padding  column-top-margin'     ><style type=\"text\/css\" data-created_by=\"avia_inline_auto\" id=\"style-css-av-oi603i-16737387d49d900469422ceae0457531\">\n#top .avia-icon-list-container.av-oi603i-16737387d49d900469422ceae0457531 .iconlist_icon{\ncolor:#ffffff;\nbackground-color:#00c389;\n}\n#top .avia-icon-list-container.av-oi603i-16737387d49d900469422ceae0457531 .iconlist_icon svg:first-child{\nstroke:#ffffff;\nfill:#ffffff;\n}\n<\/style>\n<div  class='avia-icon-list-container av-oi603i-16737387d49d900469422ceae0457531  avia-builder-el-8  avia-builder-el-no-sibling '><ul class='avia-icon-list avia_animate_when_almost_visible avia-icon-list-left av-iconlist-big av-oi603i-16737387d49d900469422ceae0457531 avia-iconlist-animate'>\n<li><a href='https:\/\/es.eustat.eus\/municipal\/datos_estadisticos\/amurrio.html' title='https:\/\/es.eustat.eus\/municipal\/datos_estadisticos\/amurrio.html'  class='iconlist_icon av-av_iconlist_item-13b13a7da96b0d3864c20e0acad27883 avia-font-FontAwesome avia-iconfont avia-font-FontAwesome'><span class='av-icon-char' data-av_icon='\uf045' data-av_iconfont='FontAwesome' aria-hidden=\"true\"><\/span><\/a><article class=\"article-icon-entry \"  itemscope=\"itemscope\" itemtype=\"https:\/\/schema.org\/CreativeWork\" ><div class=\"iconlist_content_wrap\"><header class=\"entry-content-header\" aria-label=\"Icon: &lt;a href=&#039;https:\/\/es.eustat.eus\/municipal\/datos_estadisticos\/amurrio.html&#039; title=&#039;https:\/\/es.eustat.eus\/municipal\/datos_estadisticos\/amurrio.html&#039;&gt;https:\/\/es.eustat.eus\/municipal\/datos_estadisticos\/amurrio.html&lt;\/a&gt;\"><h4 class='av_iconlist_title iconlist_title  '  itemprop=\"headline\" ><a href='https:\/\/es.eustat.eus\/municipal\/datos_estadisticos\/amurrio.html' title='https:\/\/es.eustat.eus\/municipal\/datos_estadisticos\/amurrio.html'>https:\/\/es.eustat.eus\/municipal\/datos_estadisticos\/amurrio.html<\/a><\/h4><\/header><div class='iconlist_content '  itemprop=\"text\" ><p>Es un sistema integrado de informaci\u00f3n territorial con base en los municipios de la C.A. de Euskadi.<\/p>\n<\/div><\/div><footer class=\"entry-footer\"><\/footer><\/article><div class=\"iconlist-timeline\"><\/div><\/li>\n<\/ul><\/div><\/div>\n<style type=\"text\/css\" data-created_by=\"avia_inline_auto\" id=\"style-css-av-k3tk1q-03a5bc5289871d6bdaa767c0099cd3cd\">\n.flex_column.av-k3tk1q-03a5bc5289871d6bdaa767c0099cd3cd{\nborder-radius:0px 0px 0px 0px;\npadding:0px 0px 0px 0px;\n}\n<\/style>\n<div  class='flex_column av-k3tk1q-03a5bc5289871d6bdaa767c0099cd3cd av_one_fifth  avia-builder-el-9  el_after_av_three_fifth  avia-builder-el-last  flex_column_div av-zero-column-padding  column-top-margin'     ><\/div><\/div><\/div><\/div><!-- close content main div --><\/div><\/div><div id='av_section_3'  class='avia-section av-iz2fou-943e4c6b35c48bac9c620a9da5e20e8a main_color avia-section-default avia-no-border-styling  avia-builder-el-10  el_after_av_section  el_before_av_section  avia-bg-style-scroll container_wrap sidebar_right'  ><div class='container av-section-cont-open' ><div class='template-page content  av-content-small alpha units'><div class='post-entry post-entry-type-page post-entry-1374'><div class='entry-content-wrapper clearfix'>\n\n<style type=\"text\/css\" data-created_by=\"avia_inline_auto\" id=\"style-css-av-hbsy4u-d6fc22866766f684a223acb49358f572\">\n.flex_column.av-hbsy4u-d6fc22866766f684a223acb49358f572{\nborder-radius:0px 0px 0px 0px;\npadding:20px 0px 20px 0px;\nbackground-color:#00c389;\n}\n<\/style>\n<div  class='flex_column av-hbsy4u-d6fc22866766f684a223acb49358f572 av_one_full  avia-builder-el-11  avia-builder-el-no-sibling  first no_margin flex_column_div av-animated-generic fade-in  '     ><style type=\"text\/css\" data-created_by=\"avia_inline_auto\" id=\"style-css-av-2vvb9a-cf6702eb712582f7190d798057161a5c\">\n#top .av-special-heading.av-2vvb9a-cf6702eb712582f7190d798057161a5c{\npadding-bottom:10px;\ncolor:#ffffff;\nfont-size:30px;\n}\nbody .av-special-heading.av-2vvb9a-cf6702eb712582f7190d798057161a5c .av-special-heading-tag .heading-char{\nfont-size:25px;\n}\n#top #wrap_all .av-special-heading.av-2vvb9a-cf6702eb712582f7190d798057161a5c .av-special-heading-tag{\nfont-size:30px;\n}\n.av-special-heading.av-2vvb9a-cf6702eb712582f7190d798057161a5c .special-heading-inner-border{\nborder-color:#ffffff;\n}\n.av-special-heading.av-2vvb9a-cf6702eb712582f7190d798057161a5c .av-subheading{\nfont-size:15px;\n}\n\n@media only screen and (min-width: 480px) and (max-width: 767px){ \n#top #wrap_all .av-special-heading.av-2vvb9a-cf6702eb712582f7190d798057161a5c .av-special-heading-tag{\nfont-size:0.8em;\n}\n}\n\n@media only screen and (max-width: 479px){ \n#top #wrap_all .av-special-heading.av-2vvb9a-cf6702eb712582f7190d798057161a5c .av-special-heading-tag{\nfont-size:0.8em;\n}\n}\n<\/style>\n<div  class='av-special-heading av-2vvb9a-cf6702eb712582f7190d798057161a5c av-special-heading-h2 custom-color-heading blockquote modern-quote modern-centered  avia-builder-el-12  avia-builder-el-no-sibling  av-inherit-size'><h2 class='av-special-heading-tag '  itemprop=\"headline\"  >Observatorio Urbano de GARAPEN<\/h2><div class=\"special-heading-border\"><div class=\"special-heading-inner-border\"><\/div><\/div><\/div><\/div>\n<\/p>\n<\/div><\/div><\/div><!-- close content main div --><\/div><\/div><div id='av_section_4'  class='avia-section av-dyfqgu-40c55d9e7249d46ed893c8e5d6df695f main_color avia-section-default avia-no-shadow  avia-builder-el-13  el_after_av_section  avia-builder-el-last  avia-bg-style-scroll container_wrap sidebar_right'  ><div class='container av-section-cont-open' ><div class='template-page content  av-content-small alpha units'><div class='post-entry post-entry-type-page post-entry-1374'><div class='entry-content-wrapper clearfix'>\n\n<style type=\"text\/css\" data-created_by=\"avia_inline_auto\" id=\"style-css-av-cuez6m-9d19a80ee3f92a1030dafe06c13d4044\">\n.flex_column.av-cuez6m-9d19a80ee3f92a1030dafe06c13d4044{\nborder-radius:0px 0px 0px 0px;\npadding:0px 0px 0px 0px;\n}\n<\/style>\n<div  class='flex_column av-cuez6m-9d19a80ee3f92a1030dafe06c13d4044 av_one_full  avia-builder-el-14  el_before_av_one_fifth  avia-builder-el-first  first flex_column_div av-zero-column-padding  '     ><style type=\"text\/css\" data-created_by=\"avia_inline_auto\" id=\"style-css-av-b5fbz2-e3d99f2e515dc33281ee44036dd338f2\">\n#top .av_textblock_section.av-b5fbz2-e3d99f2e515dc33281ee44036dd338f2 .avia_textblock{\nfont-size:20px;\n}\n<\/style>\n<section  class='av_textblock_section av-b5fbz2-e3d99f2e515dc33281ee44036dd338f2 '   itemscope=\"itemscope\" itemtype=\"https:\/\/schema.org\/CreativeWork\" ><div class='avia_textblock'  itemprop=\"text\" ><p>El Observatorio Urbano act\u00faa como un instrumento de detecci\u00f3n de las necesidades locales que son claves y estrat\u00e9gicas para el desarrollo regional y empresarial de los municipios y de sus entornos a trav\u00e9s del an\u00e1lisis, estudio, recopilaci\u00f3n y difusi\u00f3n de toda la informaci\u00f3n de car\u00e1cter socioecon\u00f3mico existente.<\/p>\n<\/div><\/section><\/div>\n<style type=\"text\/css\" data-created_by=\"avia_inline_auto\" id=\"style-css-av-9b3fgu-6a0e4fb06040172ec8d8c041386545d6\">\n.flex_column.av-9b3fgu-6a0e4fb06040172ec8d8c041386545d6{\nborder-radius:0px 0px 0px 0px;\npadding:0px 0px 0px 0px;\n}\n<\/style>\n<div  class='flex_column av-9b3fgu-6a0e4fb06040172ec8d8c041386545d6 av_one_fifth  avia-builder-el-16  el_after_av_one_full  el_before_av_three_fifth  first flex_column_div av-zero-column-padding  column-top-margin'     ><\/div>\n<style type=\"text\/css\" data-created_by=\"avia_inline_auto\" id=\"style-css-av-79x97y-30144f2d89cd63db950fa5c0d280a752\">\n.flex_column.av-79x97y-30144f2d89cd63db950fa5c0d280a752{\nborder-radius:0px 0px 0px 0px;\npadding:0px 0px 0px 0px;\n}\n<\/style>\n<div  class='flex_column av-79x97y-30144f2d89cd63db950fa5c0d280a752 av_three_fifth  avia-builder-el-17  el_after_av_one_fifth  el_before_av_one_fifth  flex_column_div av-zero-column-padding  column-top-margin'     ><style type=\"text\/css\" data-created_by=\"avia_inline_auto\" id=\"style-css-av-5dfjse-f7750e73a967024d22f060f95d97c80d\">\n#top .avia-icon-list-container.av-5dfjse-f7750e73a967024d22f060f95d97c80d .iconlist_icon{\ncolor:#ffffff;\nbackground-color:#00c389;\n}\n#top .avia-icon-list-container.av-5dfjse-f7750e73a967024d22f060f95d97c80d .iconlist_icon svg:first-child{\nstroke:#ffffff;\nfill:#ffffff;\n}\n<\/style>\n<div  class='avia-icon-list-container av-5dfjse-f7750e73a967024d22f060f95d97c80d  avia-builder-el-18  avia-builder-el-no-sibling '><ul class='avia-icon-list avia_animate_when_almost_visible avia-icon-list-left av-iconlist-big av-5dfjse-f7750e73a967024d22f060f95d97c80d avia-iconlist-animate'>\n<li><a href='https:\/\/garapen.net\/observatorio-urbano\/' title='www.garapen.net'  class='iconlist_icon av-2vmiwe-f709fae3e94737645fd72761c5553f26 avia-font-FontAwesome avia-iconfont avia-font-FontAwesome'><span class='av-icon-char' data-av_icon='\uf045' data-av_iconfont='FontAwesome' aria-hidden=\"true\"><\/span><\/a><article class=\"article-icon-entry \"  itemscope=\"itemscope\" itemtype=\"https:\/\/schema.org\/CreativeWork\" ><div class=\"iconlist_content_wrap\"><header class=\"entry-content-header\" aria-label=\"Icon: &lt;a href=&#039;https:\/\/garapen.net\/observatorio-urbano\/&#039; title=&#039;www.garapen.net&#039;&gt;www.garapen.net&lt;\/a&gt;\"><h4 class='av_iconlist_title iconlist_title  '  itemprop=\"headline\" ><a href='https:\/\/garapen.net\/observatorio-urbano\/' title='www.garapen.net'>www.garapen.net<\/a><\/h4><\/header><div class='iconlist_content '  itemprop=\"text\" ><p>El Observatorio Urbano act\u00faa como un instrumento de detecci\u00f3n de las necesidades locales que son claves y estrat\u00e9gicas para el desarrollo regional y empresarial de los municipios y de sus entornos a trav\u00e9s del an\u00e1lisis, estudio, recopilaci\u00f3n y difusi\u00f3n de toda la informaci\u00f3n de car\u00e1cter socioecon\u00f3mico existente.<\/p>\n<\/div><\/div><footer class=\"entry-footer\"><\/footer><\/article><div class=\"iconlist-timeline\"><\/div><\/li>\n<\/ul><\/div><\/div>\n<style type=\"text\/css\" data-created_by=\"avia_inline_auto\" id=\"style-css-av-22da8e-34c1f391770b3a8e49ab9e46985f3b59\">\n.flex_column.av-22da8e-34c1f391770b3a8e49ab9e46985f3b59{\nborder-radius:0px 0px 0px 0px;\npadding:0px 0px 0px 0px;\n}\n<\/style>\n<div  class='flex_column av-22da8e-34c1f391770b3a8e49ab9e46985f3b59 av_one_fifth  avia-builder-el-19  el_after_av_three_fifth  avia-builder-el-last  flex_column_div av-zero-column-padding  column-top-margin'     ><\/div>\n<\/div><\/div><\/div><!-- close content main div --><\/div><\/div><div id='after_section_4'  class='main_color av_default_container_wrap container_wrap sidebar_right'  ><div class='container av-section-cont-open' ><div class='template-page content  av-content-small alpha units'><div class='post-entry post-entry-type-page post-entry-1374'><div class='entry-content-wrapper clearfix'>\n","protected":false},"excerpt":{"rendered":"","protected":false},"author":1,"featured_media":0,"parent":0,"menu_order":0,"comment_status":"closed","ping_status":"closed","template":"","meta":{"footnotes":""},"class_list":["post-1374","page","type-page","status-publish","hentry"],"yoast_head":"<!-- This site is optimized with the Yoast SEO plugin v25.3 - https:\/\/yoast.com\/wordpress\/plugins\/seo\/ -->\n<title>Datos estad\u00edsticos - Amurrio Bidean. Garapen Agentzia - Agencia de desarrollo.<\/title>\n<meta name=\"robots\" content=\"index, follow, max-snippet:-1, max-image-preview:large, max-video-preview:-1\" \/>\n<link rel=\"canonical\" href=\"https:\/\/amurriobidean.org\/es\/datos-estadisticos\/\" \/>\n<meta property=\"og:locale\" content=\"es_ES\" \/>\n<meta property=\"og:type\" content=\"article\" \/>\n<meta property=\"og:title\" content=\"Datos estad\u00edsticos - Amurrio Bidean. Garapen Agentzia - Agencia de desarrollo.\" \/>\n<meta property=\"og:url\" content=\"https:\/\/amurriobidean.org\/es\/datos-estadisticos\/\" \/>\n<meta property=\"og:site_name\" content=\"Amurrio Bidean. Garapen Agentzia - Agencia de desarrollo.\" \/>\n<meta property=\"article:publisher\" content=\"https:\/\/www.facebook.com\/amurrio.bidean\" \/>\n<meta property=\"article:modified_time\" content=\"2024-02-08T11:34:46+00:00\" \/>\n<meta name=\"twitter:card\" content=\"summary_large_image\" \/>\n<meta name=\"twitter:site\" content=\"@amurriobidean\" \/>\n<meta name=\"twitter:label1\" content=\"Tiempo de lectura\" \/>\n\t<meta name=\"twitter:data1\" content=\"4 minutos\" \/>\n<script type=\"application\/ld+json\" class=\"yoast-schema-graph\">{\"@context\":\"https:\/\/schema.org\",\"@graph\":[{\"@type\":\"WebPage\",\"@id\":\"https:\/\/amurriobidean.org\/es\/datos-estadisticos\/\",\"url\":\"https:\/\/amurriobidean.org\/es\/datos-estadisticos\/\",\"name\":\"Datos estad\u00edsticos - Amurrio Bidean. Garapen Agentzia - Agencia de desarrollo.\",\"isPartOf\":{\"@id\":\"https:\/\/amurriobidean.org\/es\/#website\"},\"datePublished\":\"2016-11-25T08:42:43+00:00\",\"dateModified\":\"2024-02-08T11:34:46+00:00\",\"breadcrumb\":{\"@id\":\"https:\/\/amurriobidean.org\/es\/datos-estadisticos\/#breadcrumb\"},\"inLanguage\":\"es\",\"potentialAction\":[{\"@type\":\"ReadAction\",\"target\":[\"https:\/\/amurriobidean.org\/es\/datos-estadisticos\/\"]}]},{\"@type\":\"BreadcrumbList\",\"@id\":\"https:\/\/amurriobidean.org\/es\/datos-estadisticos\/#breadcrumb\",\"itemListElement\":[{\"@type\":\"ListItem\",\"position\":1,\"name\":\"Portada\",\"item\":\"https:\/\/amurriobidean.org\/es\/\"},{\"@type\":\"ListItem\",\"position\":2,\"name\":\"Datos estad\u00edsticos\"}]},{\"@type\":\"WebSite\",\"@id\":\"https:\/\/amurriobidean.org\/es\/#website\",\"url\":\"https:\/\/amurriobidean.org\/es\/\",\"name\":\"Amurrio Bidean. Garapen Agentzia - Agencia de desarrollo.\",\"description\":\"Agencia de Desarollo Local de Amurrio\",\"potentialAction\":[{\"@type\":\"SearchAction\",\"target\":{\"@type\":\"EntryPoint\",\"urlTemplate\":\"https:\/\/amurriobidean.org\/es\/?s={search_term_string}\"},\"query-input\":{\"@type\":\"PropertyValueSpecification\",\"valueRequired\":true,\"valueName\":\"search_term_string\"}}],\"inLanguage\":\"es\"}]}<\/script>\n<!-- \/ Yoast SEO plugin. -->","yoast_head_json":{"title":"Datos estad\u00edsticos - Amurrio Bidean. Garapen Agentzia - Agencia de desarrollo.","robots":{"index":"index","follow":"follow","max-snippet":"max-snippet:-1","max-image-preview":"max-image-preview:large","max-video-preview":"max-video-preview:-1"},"canonical":"https:\/\/amurriobidean.org\/es\/datos-estadisticos\/","og_locale":"es_ES","og_type":"article","og_title":"Datos estad\u00edsticos - Amurrio Bidean. Garapen Agentzia - Agencia de desarrollo.","og_url":"https:\/\/amurriobidean.org\/es\/datos-estadisticos\/","og_site_name":"Amurrio Bidean. Garapen Agentzia - Agencia de desarrollo.","article_publisher":"https:\/\/www.facebook.com\/amurrio.bidean","article_modified_time":"2024-02-08T11:34:46+00:00","twitter_card":"summary_large_image","twitter_site":"@amurriobidean","twitter_misc":{"Tiempo de lectura":"4 minutos"},"schema":{"@context":"https:\/\/schema.org","@graph":[{"@type":"WebPage","@id":"https:\/\/amurriobidean.org\/es\/datos-estadisticos\/","url":"https:\/\/amurriobidean.org\/es\/datos-estadisticos\/","name":"Datos estad\u00edsticos - Amurrio Bidean. Garapen Agentzia - Agencia de desarrollo.","isPartOf":{"@id":"https:\/\/amurriobidean.org\/es\/#website"},"datePublished":"2016-11-25T08:42:43+00:00","dateModified":"2024-02-08T11:34:46+00:00","breadcrumb":{"@id":"https:\/\/amurriobidean.org\/es\/datos-estadisticos\/#breadcrumb"},"inLanguage":"es","potentialAction":[{"@type":"ReadAction","target":["https:\/\/amurriobidean.org\/es\/datos-estadisticos\/"]}]},{"@type":"BreadcrumbList","@id":"https:\/\/amurriobidean.org\/es\/datos-estadisticos\/#breadcrumb","itemListElement":[{"@type":"ListItem","position":1,"name":"Portada","item":"https:\/\/amurriobidean.org\/es\/"},{"@type":"ListItem","position":2,"name":"Datos estad\u00edsticos"}]},{"@type":"WebSite","@id":"https:\/\/amurriobidean.org\/es\/#website","url":"https:\/\/amurriobidean.org\/es\/","name":"Amurrio Bidean. Garapen Agentzia - Agencia de desarrollo.","description":"Agencia de Desarollo Local de Amurrio","potentialAction":[{"@type":"SearchAction","target":{"@type":"EntryPoint","urlTemplate":"https:\/\/amurriobidean.org\/es\/?s={search_term_string}"},"query-input":{"@type":"PropertyValueSpecification","valueRequired":true,"valueName":"search_term_string"}}],"inLanguage":"es"}]}},"_links":{"self":[{"href":"https:\/\/amurriobidean.org\/es\/wp-json\/wp\/v2\/pages\/1374","targetHints":{"allow":["GET"]}}],"collection":[{"href":"https:\/\/amurriobidean.org\/es\/wp-json\/wp\/v2\/pages"}],"about":[{"href":"https:\/\/amurriobidean.org\/es\/wp-json\/wp\/v2\/types\/page"}],"author":[{"embeddable":true,"href":"https:\/\/amurriobidean.org\/es\/wp-json\/wp\/v2\/users\/1"}],"replies":[{"embeddable":true,"href":"https:\/\/amurriobidean.org\/es\/wp-json\/wp\/v2\/comments?post=1374"}],"version-history":[{"count":0,"href":"https:\/\/amurriobidean.org\/es\/wp-json\/wp\/v2\/pages\/1374\/revisions"}],"wp:attachment":[{"href":"https:\/\/amurriobidean.org\/es\/wp-json\/wp\/v2\/media?parent=1374"}],"curies":[{"name":"wp","href":"https:\/\/api.w.org\/{rel}","templated":true}]}}