{"id":1256,"date":"2016-11-24T17:52:20","date_gmt":"2016-11-24T17:52:20","guid":{"rendered":"http:\/\/amurriobidean.eus\/?page_id=1256"},"modified":"2023-12-04T14:08:04","modified_gmt":"2023-12-04T12:08:04","slug":"aprendizaje-permanente","status":"publish","type":"page","link":"https:\/\/amurriobidean.org\/es\/aprendizaje-permanente\/","title":{"rendered":"Aprendizaje permanente"},"content":{"rendered":"\n<style type=\"text\/css\" data-created_by=\"avia_inline_auto\" id=\"style-css-av-1aw37bc-fa735c95f931573d121e448f139d53b3\">\n.avia-section.av-1aw37bc-fa735c95f931573d121e448f139d53b3{\nbackground-color:#00c389;\nbackground-image:unset;\n}\n<\/style>\n<div id='av_section_1'  class='avia-section av-1aw37bc-fa735c95f931573d121e448f139d53b3 main_color avia-section-default avia-no-border-styling  avia-builder-el-0  el_before_av_section  avia-builder-el-first  avia-bg-style-scroll container_wrap sidebar_right'  ><div class='container av-section-cont-open' ><main  role=\"main\" itemprop=\"mainContentOfPage\"  class='template-page content  av-content-small alpha units'><div class='post-entry post-entry-type-page post-entry-1256'><div class='entry-content-wrapper clearfix'>\n\n<style type=\"text\/css\" data-created_by=\"avia_inline_auto\" id=\"style-css-av-19pms60-a9a114dc3d9feaacd88dc29134e70260\">\n.flex_column.av-19pms60-a9a114dc3d9feaacd88dc29134e70260{\nborder-radius:0px 0px 0px 0px;\npadding:20px 0px 20px 0px;\nbackground-color:#00c389;\n}\n<\/style>\n<div  class='flex_column av-19pms60-a9a114dc3d9feaacd88dc29134e70260 av_one_full  avia-builder-el-1  avia-builder-el-no-sibling  first no_margin flex_column_div av-animated-generic fade-in  '     ><style type=\"text\/css\" data-created_by=\"avia_inline_auto\" id=\"style-css-av-49ufoo-a55e6e7024f9dd33bd5123da9d762523\">\n#top .av-special-heading.av-49ufoo-a55e6e7024f9dd33bd5123da9d762523{\npadding-bottom:10px;\ncolor:#ffffff;\nfont-size:35px;\n}\nbody .av-special-heading.av-49ufoo-a55e6e7024f9dd33bd5123da9d762523 .av-special-heading-tag .heading-char{\nfont-size:25px;\n}\n#top #wrap_all .av-special-heading.av-49ufoo-a55e6e7024f9dd33bd5123da9d762523 .av-special-heading-tag{\nfont-size:35px;\n}\n.av-special-heading.av-49ufoo-a55e6e7024f9dd33bd5123da9d762523 .special-heading-inner-border{\nborder-color:#ffffff;\n}\n.av-special-heading.av-49ufoo-a55e6e7024f9dd33bd5123da9d762523 .av-subheading{\nfont-size:15px;\n}\n\n@media only screen and (min-width: 480px) and (max-width: 767px){ \n#top #wrap_all .av-special-heading.av-49ufoo-a55e6e7024f9dd33bd5123da9d762523 .av-special-heading-tag{\nfont-size:0.8em;\n}\n}\n\n@media only screen and (max-width: 479px){ \n#top #wrap_all .av-special-heading.av-49ufoo-a55e6e7024f9dd33bd5123da9d762523 .av-special-heading-tag{\nfont-size:0.8em;\n}\n}\n<\/style>\n<div  class='av-special-heading av-49ufoo-a55e6e7024f9dd33bd5123da9d762523 av-special-heading-h1 custom-color-heading blockquote modern-quote modern-centered  avia-builder-el-2  avia-builder-el-no-sibling  av-inherit-size'><h1 class='av-special-heading-tag '  itemprop=\"headline\"  >APRENDIZAJE PERMANENTE<\/h1><div class=\"special-heading-border\"><div class=\"special-heading-inner-border\"><\/div><\/div><\/div><\/div>\n\n<\/div><\/div><\/main><!-- close content main element --><\/div><\/div><div id='av_section_2'  class='avia-section av-16jfmmg-b8838e85bf8169df6ca7b091669147a2 main_color avia-section-default avia-no-shadow  avia-builder-el-3  el_after_av_section  el_before_av_section  avia-bg-style-scroll container_wrap sidebar_right'  ><div class='container av-section-cont-open' ><div class='template-page content  av-content-small alpha units'><div class='post-entry post-entry-type-page post-entry-1256'><div class='entry-content-wrapper clearfix'>\n\n<style type=\"text\/css\" data-created_by=\"avia_inline_auto\" id=\"style-css-av-13v1c2g-6ac80782cb811946e02ea9807f492d43\">\n.flex_column.av-13v1c2g-6ac80782cb811946e02ea9807f492d43{\nborder-radius:0px 0px 0px 0px;\npadding:0px 0px 0px 0px;\n}\n<\/style>\n<div  class='flex_column av-13v1c2g-6ac80782cb811946e02ea9807f492d43 av_one_full  avia-builder-el-4  el_before_av_one_fifth  avia-builder-el-first  first flex_column_div av-zero-column-padding  '     ><style type=\"text\/css\" data-created_by=\"avia_inline_auto\" id=\"style-css-av-12jb87s-ce79c0b2b206cd24c6edc1607f8d9bf8\">\n#top .av_textblock_section.av-12jb87s-ce79c0b2b206cd24c6edc1607f8d9bf8 .avia_textblock{\nfont-size:20px;\n}\n<\/style>\n<section  class='av_textblock_section av-12jb87s-ce79c0b2b206cd24c6edc1607f8d9bf8 '   itemscope=\"itemscope\" itemtype=\"https:\/\/schema.org\/CreativeWork\" ><div class='avia_textblock'  itemprop=\"text\" ><p>Servicio de Mediaci\u00f3n de Aprendizaje a lo largo de toda la vida subvencionado por el <strong>Departamento de Educaci\u00f3n del Gobierno Vasco.<\/strong><\/p>\n<p>El aprendizaje permanente es un proceso abierto para avanzar en el desarrollo de la persona. Hoy en d\u00eda, aprender es condici\u00f3n necesaria para incorporarnos como personas protagonistas en la apuesta por una sociedad del conocimiento y de la innovaci\u00f3n.<\/p>\n<p>Se trata de una definici\u00f3n amplia que abarca los siguientes tipos de aprendizaje:<\/p>\n<\/div><\/section><\/div>\n<style type=\"text\/css\" data-created_by=\"avia_inline_auto\" id=\"style-css-av-1152gh4-968f6d71afefa8fa5670e25e358a503d\">\n.flex_column.av-1152gh4-968f6d71afefa8fa5670e25e358a503d{\nborder-radius:0px 0px 0px 0px;\npadding:0px 0px 0px 0px;\n}\n<\/style>\n<div  class='flex_column av-1152gh4-968f6d71afefa8fa5670e25e358a503d av_one_fifth  avia-builder-el-6  el_after_av_one_full  el_before_av_three_fifth  first flex_column_div av-zero-column-padding  column-top-margin'     ><\/div>\n<style type=\"text\/css\" data-created_by=\"avia_inline_auto\" id=\"style-css-av-zbhk6w-0b7a31ac92f977e32dfdae2dc3be9449\">\n.flex_column.av-zbhk6w-0b7a31ac92f977e32dfdae2dc3be9449{\nborder-radius:0px 0px 0px 0px;\npadding:0px 0px 0px 0px;\n}\n<\/style>\n<div  class='flex_column av-zbhk6w-0b7a31ac92f977e32dfdae2dc3be9449 av_three_fifth  avia-builder-el-7  el_after_av_one_fifth  el_before_av_one_fifth  flex_column_div av-zero-column-padding  column-top-margin'     ><style type=\"text\/css\" data-created_by=\"avia_inline_auto\" id=\"style-css-av-xdp4ns-a3de55a6aaea4ee5a50217fb5b309780\">\n#top .avia-icon-list-container.av-xdp4ns-a3de55a6aaea4ee5a50217fb5b309780 .iconlist_icon{\ncolor:#ffffff;\nbackground-color:#00c389;\n}\n#top .avia-icon-list-container.av-xdp4ns-a3de55a6aaea4ee5a50217fb5b309780 .iconlist_icon svg:first-child{\nstroke:#ffffff;\nfill:#ffffff;\n}\n<\/style>\n<div  class='avia-icon-list-container av-xdp4ns-a3de55a6aaea4ee5a50217fb5b309780  avia-builder-el-8  avia-builder-el-no-sibling '><ul class='avia-icon-list avia_animate_when_almost_visible avia-icon-list-left av-iconlist-big av-xdp4ns-a3de55a6aaea4ee5a50217fb5b309780 avia-iconlist-animate'>\n<li><div class='iconlist_icon av-ww89rs-885a8d5081215859087776925197c088 avia-font-entypo-fontello avia-iconfont avia-font-entypo-fontello'><span class='av-icon-char' data-av_icon='\ue84e' data-av_iconfont='entypo-fontello' aria-hidden=\"true\"><\/span><\/div><article class=\"article-icon-entry \"  itemscope=\"itemscope\" itemtype=\"https:\/\/schema.org\/CreativeWork\" ><div class=\"iconlist_content_wrap\"><header class=\"entry-content-header\" aria-label=\"Icon: Aprendizaje Formal\"><h4 class='av_iconlist_title iconlist_title  '  itemprop=\"headline\" >Aprendizaje Formal<\/h4><\/header><div class='iconlist_content '  itemprop=\"text\" ><p>Aprendizaje ofrecido normalmente por un centro de educaci\u00f3n o formaci\u00f3n, con car\u00e1cter estructurado y que concluye con una certificaci\u00f3n.<\/p>\n<\/div><\/div><footer class=\"entry-footer\"><\/footer><\/article><div class=\"iconlist-timeline\"><\/div><\/li>\n<li><div class='iconlist_icon av-u8d1y0-78503016eaf6afb094354c05f2ea1f7e avia-font-entypo-fontello avia-iconfont avia-font-entypo-fontello'><span class='av-icon-char' data-av_icon='\ue84e' data-av_iconfont='entypo-fontello' aria-hidden=\"true\"><\/span><\/div><article class=\"article-icon-entry \"  itemscope=\"itemscope\" itemtype=\"https:\/\/schema.org\/CreativeWork\" ><div class=\"iconlist_content_wrap\"><header class=\"entry-content-header\" aria-label=\"Icon: Aprendizaje No Formal\"><h4 class='av_iconlist_title iconlist_title  '  itemprop=\"headline\" >Aprendizaje No Formal<\/h4><\/header><div class='iconlist_content '  itemprop=\"text\" ><p>Aprendizaje que no es ofrecido por un centro de educaci\u00f3n o formaci\u00f3n y normalmente no conduce a una certificaci\u00f3n.<\/p>\n<\/div><\/div><footer class=\"entry-footer\"><\/footer><\/article><div class=\"iconlist-timeline\"><\/div><\/li>\n<li><div class='iconlist_icon av-t58vi0-e7da9d87c98e9d269d238887995055d0 avia-font-entypo-fontello avia-iconfont avia-font-entypo-fontello'><span class='av-icon-char' data-av_icon='\ue84e' data-av_iconfont='entypo-fontello' aria-hidden=\"true\"><\/span><\/div><article class=\"article-icon-entry \"  itemscope=\"itemscope\" itemtype=\"https:\/\/schema.org\/CreativeWork\" ><div class=\"iconlist_content_wrap\"><header class=\"entry-content-header\" aria-label=\"Icon: Aprendizaje Informal\"><h4 class='av_iconlist_title iconlist_title  '  itemprop=\"headline\" >Aprendizaje Informal<\/h4><\/header><div class='iconlist_content '  itemprop=\"text\" ><p>Aprendizaje que se obtiene en las actividades de la vida cotidiana relacionadas con el trabajo, la familia o el ocio. No est\u00e1 estructurado y normalmente no conduce a una certificaci\u00f3n.<\/p>\n<\/div><\/div><footer class=\"entry-footer\"><\/footer><\/article><div class=\"iconlist-timeline\"><\/div><\/li>\n<\/ul><\/div><\/div>\n<style type=\"text\/css\" data-created_by=\"avia_inline_auto\" id=\"style-css-av-qxlxmg-9a9319c35e39ad01315ee65ff4575e78\">\n.flex_column.av-qxlxmg-9a9319c35e39ad01315ee65ff4575e78{\nborder-radius:0px 0px 0px 0px;\npadding:0px 0px 0px 0px;\n}\n<\/style>\n<div  class='flex_column av-qxlxmg-9a9319c35e39ad01315ee65ff4575e78 av_one_fifth  avia-builder-el-9  el_after_av_three_fifth  avia-builder-el-last  flex_column_div av-zero-column-padding  column-top-margin'     ><\/div><\/div><\/div><\/div><!-- close content main div --><\/div><\/div><div id='av_section_3'  class='avia-section av-p6ghhk-521b0253433796fb24bad5451d957e69 main_color avia-section-default avia-no-border-styling  avia-builder-el-10  el_after_av_section  el_before_av_section  avia-bg-style-scroll container_wrap sidebar_right'  ><div class='container av-section-cont-open' ><div class='template-page content  av-content-small alpha units'><div class='post-entry post-entry-type-page post-entry-1256'><div class='entry-content-wrapper clearfix'>\n\n<style type=\"text\/css\" data-created_by=\"avia_inline_auto\" id=\"style-css-av-nyvzfs-18446ac8f62cfe84c474b60ce8bc0163\">\n.flex_column.av-nyvzfs-18446ac8f62cfe84c474b60ce8bc0163{\nborder-radius:0px 0px 0px 0px;\npadding:20px 0px 20px 0px;\nbackground-color:#00c389;\n}\n<\/style>\n<div  class='flex_column av-nyvzfs-18446ac8f62cfe84c474b60ce8bc0163 av_one_full  avia-builder-el-11  avia-builder-el-no-sibling  first no_margin flex_column_div av-animated-generic fade-in  '     ><style type=\"text\/css\" data-created_by=\"avia_inline_auto\" id=\"style-css-av-2eob7s-ed2fcf2b994aa565d4fc7d984a3b63e9\">\n#top .av-special-heading.av-2eob7s-ed2fcf2b994aa565d4fc7d984a3b63e9{\npadding-bottom:10px;\ncolor:#ffffff;\nfont-size:30px;\n}\nbody .av-special-heading.av-2eob7s-ed2fcf2b994aa565d4fc7d984a3b63e9 .av-special-heading-tag .heading-char{\nfont-size:25px;\n}\n#top #wrap_all .av-special-heading.av-2eob7s-ed2fcf2b994aa565d4fc7d984a3b63e9 .av-special-heading-tag{\nfont-size:30px;\n}\n.av-special-heading.av-2eob7s-ed2fcf2b994aa565d4fc7d984a3b63e9 .special-heading-inner-border{\nborder-color:#ffffff;\n}\n.av-special-heading.av-2eob7s-ed2fcf2b994aa565d4fc7d984a3b63e9 .av-subheading{\nfont-size:15px;\n}\n\n@media only screen and (min-width: 480px) and (max-width: 767px){ \n#top #wrap_all .av-special-heading.av-2eob7s-ed2fcf2b994aa565d4fc7d984a3b63e9 .av-special-heading-tag{\nfont-size:0.8em;\n}\n}\n\n@media only screen and (max-width: 479px){ \n#top #wrap_all .av-special-heading.av-2eob7s-ed2fcf2b994aa565d4fc7d984a3b63e9 .av-special-heading-tag{\nfont-size:0.8em;\n}\n}\n<\/style>\n<div  class='av-special-heading av-2eob7s-ed2fcf2b994aa565d4fc7d984a3b63e9 av-special-heading-h2 custom-color-heading blockquote modern-quote modern-centered  avia-builder-el-12  avia-builder-el-no-sibling  av-inherit-size'><h2 class='av-special-heading-tag '  itemprop=\"headline\"  >Servicio de mediaci\u00f3n para el aprendizaje<\/h2><div class=\"special-heading-border\"><div class=\"special-heading-inner-border\"><\/div><\/div><\/div><\/div>\n<\/p>\n<\/div><\/div><\/div><!-- close content main div --><\/div><\/div><div id='av_section_4'  class='avia-section av-kkcbzs-9472218bf3bc109c3cc9771a9a0a527f main_color avia-section-default avia-no-shadow  avia-builder-el-13  el_after_av_section  avia-builder-el-last  avia-bg-style-scroll container_wrap sidebar_right'  ><div class='container av-section-cont-open' ><div class='template-page content  av-content-small alpha units'><div class='post-entry post-entry-type-page post-entry-1256'><div class='entry-content-wrapper clearfix'>\n\n<style type=\"text\/css\" data-created_by=\"avia_inline_auto\" id=\"style-css-av-ihw2so-e0eabdfd453d365ae8b952ab67a3428c\">\n.flex_column.av-ihw2so-e0eabdfd453d365ae8b952ab67a3428c{\nborder-radius:0px 0px 0px 0px;\npadding:0px 0px 0px 0px;\n}\n<\/style>\n<div  class='flex_column av-ihw2so-e0eabdfd453d365ae8b952ab67a3428c av_one_full  avia-builder-el-14  el_before_av_one_fifth  avia-builder-el-first  first flex_column_div av-zero-column-padding  '     ><style type=\"text\/css\" data-created_by=\"avia_inline_auto\" id=\"style-css-av-humgh4-7ac1cf7b28bd0acd9b72b680e803f447\">\n#top .av_textblock_section.av-humgh4-7ac1cf7b28bd0acd9b72b680e803f447 .avia_textblock{\nfont-size:20px;\n}\n<\/style>\n<section  class='av_textblock_section av-humgh4-7ac1cf7b28bd0acd9b72b680e803f447 '   itemscope=\"itemscope\" itemtype=\"https:\/\/schema.org\/CreativeWork\" ><div class='avia_textblock'  itemprop=\"text\" ><p>El servicio de mediaci\u00f3n para los municipios de <strong>Amurrio<\/strong>, <strong>Artziniega<\/strong>, <strong>Ayala<\/strong>, <strong>Laudio<\/strong>, <strong>Okondo<\/strong>, <strong>Ordu\u00f1a<\/strong> y <strong>Orozko<\/strong>, es un servicio gratuito.<\/p>\n<\/div><\/section><\/div>\n<style type=\"text\/css\" data-created_by=\"avia_inline_auto\" id=\"style-css-av-g7xjns-74f3963bef549ee9f96c2dd4a7cd7d0f\">\n.flex_column.av-g7xjns-74f3963bef549ee9f96c2dd4a7cd7d0f{\nborder-radius:0px 0px 0px 0px;\npadding:0px 0px 0px 0px;\n}\n<\/style>\n<div  class='flex_column av-g7xjns-74f3963bef549ee9f96c2dd4a7cd7d0f av_one_fifth  avia-builder-el-16  el_after_av_one_full  el_before_av_three_fifth  first flex_column_div av-zero-column-padding  column-top-margin'     ><\/div>\n<style type=\"text\/css\" data-created_by=\"avia_inline_auto\" id=\"style-css-av-e7cdl4-dc2cb1e06cb5d950c7798506b44ce67b\">\n.flex_column.av-e7cdl4-dc2cb1e06cb5d950c7798506b44ce67b{\nborder-radius:0px 0px 0px 0px;\npadding:0px 0px 0px 0px;\n}\n<\/style>\n<div  class='flex_column av-e7cdl4-dc2cb1e06cb5d950c7798506b44ce67b av_three_fifth  avia-builder-el-17  el_after_av_one_fifth  el_before_av_one_fifth  flex_column_div av-zero-column-padding  column-top-margin'     ><style type=\"text\/css\" data-created_by=\"avia_inline_auto\" id=\"style-css-av-c7hcvc-7d8b1ded962f686789a62db5f33a89e3\">\n#top .avia-icon-list-container.av-c7hcvc-7d8b1ded962f686789a62db5f33a89e3 .iconlist_icon{\ncolor:#ffffff;\nbackground-color:#00c389;\n}\n#top .avia-icon-list-container.av-c7hcvc-7d8b1ded962f686789a62db5f33a89e3 .iconlist_icon svg:first-child{\nstroke:#ffffff;\nfill:#ffffff;\n}\n<\/style>\n<div  class='avia-icon-list-container av-c7hcvc-7d8b1ded962f686789a62db5f33a89e3  avia-builder-el-18  avia-builder-el-no-sibling '><ul class='avia-icon-list avia_animate_when_almost_visible avia-icon-list-left av-iconlist-big av-c7hcvc-7d8b1ded962f686789a62db5f33a89e3 avia-iconlist-animate'>\n<li><div class='iconlist_icon av-aep6jc-dfb794042747cac2dfa2d8ca6309ecfd avia-font-FontAwesome avia-iconfont avia-font-FontAwesome'><span class='av-icon-char' data-av_icon='\uf007' data-av_iconfont='FontAwesome' aria-hidden=\"true\"><\/span><\/div><article class=\"article-icon-entry \"  itemscope=\"itemscope\" itemtype=\"https:\/\/schema.org\/CreativeWork\" ><div class=\"iconlist_content_wrap\"><header class=\"entry-content-header\" aria-label=\"Icon: \"><\/header><div class='iconlist_content '  itemprop=\"text\" ><p>Se orienta y ayuda a las personas a elegir la formaci\u00f3n adecuada a sus necesidades y expectativas; adem\u00e1s de mejorar en habilidades, aptitudes y motivaci\u00f3n para poder desenvolverse mejor en la nueva sociedad del conocimiento.<\/p>\n<\/div><\/div><footer class=\"entry-footer\"><\/footer><\/article><div class=\"iconlist-timeline\"><\/div><\/li>\n<\/ul><\/div><\/div>\n<style type=\"text\/css\" data-created_by=\"avia_inline_auto\" id=\"style-css-av-8qzek8-850fa999f2148be468148e641e7853b0\">\n.flex_column.av-8qzek8-850fa999f2148be468148e641e7853b0{\nborder-radius:0px 0px 0px 0px;\npadding:0px 0px 0px 0px;\n}\n<\/style>\n<div  class='flex_column av-8qzek8-850fa999f2148be468148e641e7853b0 av_one_fifth  avia-builder-el-19  el_after_av_three_fifth  el_before_av_notification  flex_column_div av-zero-column-padding  column-top-margin'     ><\/div><div id='avia-messagebox-' class='avia_message_box av_notification av-2r9i0-5844762e7f29fd069adab9dcd84cf9bf avia-color-green avia-size-large avia-icon_select-yes avia-border-  avia-builder-el-20  el_after_av_one_fifth  el_before_av_textblock ' ><span class='avia_message_box_title' >Cita previa<\/span><div class=\"avia_message_box_content\"><span class='avia_message_box_icon avia-iconfont avia-font-entypo-fontello' data-av_icon='\ue805' data-av_iconfont='entypo-fontello' ><\/span><p><span style=\"font-size: 20px;\">Para recibir el servicio solicita una cita en el tel\u00e9fono <a href=\"tel:945891721\">945 89 17 21<\/a><\/span><br \/>\n<span style=\"font-size: 20px;\">o a trav\u00e9s del correo electr\u00f3nico <a href=\"mailto:formacion@amurriobidean.org\">formacion@amurriobidean.org<\/a><\/span><\/p>\n<\/div><\/div>\n\n<style type=\"text\/css\" data-created_by=\"avia_inline_auto\" id=\"style-css-av-66lkmg-d6c08cde3cd10281e1a3602cef924472\">\n#top .av_textblock_section.av-66lkmg-d6c08cde3cd10281e1a3602cef924472 .avia_textblock{\nfont-size:20px;\n}\n<\/style>\n<section  class='av_textblock_section av-66lkmg-d6c08cde3cd10281e1a3602cef924472 '   itemscope=\"itemscope\" itemtype=\"https:\/\/schema.org\/CreativeWork\" ><div class='avia_textblock'  itemprop=\"text\" ><p>Se recogen las actividades de la comarca y se env\u00edan por email o whatsapp.\u00a0 Inscribirse enviando un <strong>whatsapp<\/strong> al tel\u00e9fono <strong>945 89 17 21<\/strong> y solicitando el \u00ab<strong>Alta en el servicio de mediaci\u00f3n<\/strong>\u00ab.<\/p>\n<\/div><\/section>\n\n<style type=\"text\/css\" data-created_by=\"avia_inline_auto\" id=\"style-css-av-45pwgo-e8e947f484c513e41df7d1187af09c09\">\n.flex_column.av-45pwgo-e8e947f484c513e41df7d1187af09c09{\nborder-radius:0px 0px 0px 0px;\npadding:0px 0px 0px 0px;\n}\n<\/style>\n<div  class='flex_column av-45pwgo-e8e947f484c513e41df7d1187af09c09 av_one_full  avia-builder-el-22  el_after_av_textblock  avia-builder-el-last  first flex_column_div av-zero-column-padding  column-top-margin'     ><div id='avia-messagebox-' class='avia_message_box av_notification av-16ogo-2dd1f33de08f2c71cb60bb10e33dfd4e avia-color-silver avia-size-large avia-icon_select-yes avia-border-  avia-builder-el-23  avia-builder-el-no-sibling ' ><div class=\"avia_message_box_content\"><span class='avia_message_box_icon avia-iconfont avia-font-entypo-fontello' data-av_icon='\ue8ad' data-av_iconfont='entypo-fontello' ><\/span><p><span style=\"font-size: 20px;\">Subscribete al env\u00edo de informaci\u00f3n semanal <a href=\"https:\/\/forms.office.com\/r\/5mD2EQ3z5G\">AQUI<\/a><\/span><\/p>\n<\/div><\/div><\/div>\n<\/div><\/div><\/div><!-- close content main div --><\/div><\/div><div id='after_section_4'  class='main_color av_default_container_wrap container_wrap sidebar_right'  ><div class='container av-section-cont-open' ><div class='template-page content  av-content-small alpha units'><div class='post-entry post-entry-type-page post-entry-1256'><div class='entry-content-wrapper clearfix'>\n","protected":false},"excerpt":{"rendered":"","protected":false},"author":1,"featured_media":0,"parent":0,"menu_order":0,"comment_status":"closed","ping_status":"closed","template":"","meta":{"footnotes":""},"class_list":["post-1256","page","type-page","status-publish","hentry"],"yoast_head":"<!-- This site is optimized with the Yoast SEO plugin v25.3 - https:\/\/yoast.com\/wordpress\/plugins\/seo\/ -->\n<title>Aprendizaje permanente - Amurrio Bidean. Garapen Agentzia - Agencia de desarrollo.<\/title>\n<meta name=\"robots\" content=\"index, follow, max-snippet:-1, max-image-preview:large, max-video-preview:-1\" \/>\n<link rel=\"canonical\" href=\"https:\/\/amurriobidean.org\/es\/aprendizaje-permanente\/\" \/>\n<meta property=\"og:locale\" content=\"es_ES\" \/>\n<meta property=\"og:type\" content=\"article\" \/>\n<meta property=\"og:title\" content=\"Aprendizaje permanente - Amurrio Bidean. Garapen Agentzia - Agencia de desarrollo.\" \/>\n<meta property=\"og:url\" content=\"https:\/\/amurriobidean.org\/es\/aprendizaje-permanente\/\" \/>\n<meta property=\"og:site_name\" content=\"Amurrio Bidean. Garapen Agentzia - Agencia de desarrollo.\" \/>\n<meta property=\"article:publisher\" content=\"https:\/\/www.facebook.com\/amurrio.bidean\" \/>\n<meta property=\"article:modified_time\" content=\"2023-12-04T12:08:04+00:00\" \/>\n<meta name=\"twitter:card\" content=\"summary_large_image\" \/>\n<meta name=\"twitter:site\" content=\"@amurriobidean\" \/>\n<meta name=\"twitter:label1\" content=\"Tiempo de lectura\" \/>\n\t<meta name=\"twitter:data1\" content=\"5 minutos\" \/>\n<script type=\"application\/ld+json\" class=\"yoast-schema-graph\">{\"@context\":\"https:\/\/schema.org\",\"@graph\":[{\"@type\":\"WebPage\",\"@id\":\"https:\/\/amurriobidean.org\/es\/aprendizaje-permanente\/\",\"url\":\"https:\/\/amurriobidean.org\/es\/aprendizaje-permanente\/\",\"name\":\"Aprendizaje permanente - Amurrio Bidean. Garapen Agentzia - Agencia de desarrollo.\",\"isPartOf\":{\"@id\":\"https:\/\/amurriobidean.org\/es\/#website\"},\"datePublished\":\"2016-11-24T17:52:20+00:00\",\"dateModified\":\"2023-12-04T12:08:04+00:00\",\"breadcrumb\":{\"@id\":\"https:\/\/amurriobidean.org\/es\/aprendizaje-permanente\/#breadcrumb\"},\"inLanguage\":\"es\",\"potentialAction\":[{\"@type\":\"ReadAction\",\"target\":[\"https:\/\/amurriobidean.org\/es\/aprendizaje-permanente\/\"]}]},{\"@type\":\"BreadcrumbList\",\"@id\":\"https:\/\/amurriobidean.org\/es\/aprendizaje-permanente\/#breadcrumb\",\"itemListElement\":[{\"@type\":\"ListItem\",\"position\":1,\"name\":\"Portada\",\"item\":\"https:\/\/amurriobidean.org\/es\/\"},{\"@type\":\"ListItem\",\"position\":2,\"name\":\"Aprendizaje permanente\"}]},{\"@type\":\"WebSite\",\"@id\":\"https:\/\/amurriobidean.org\/es\/#website\",\"url\":\"https:\/\/amurriobidean.org\/es\/\",\"name\":\"Amurrio Bidean. Garapen Agentzia - Agencia de desarrollo.\",\"description\":\"Agencia de Desarollo Local de Amurrio\",\"potentialAction\":[{\"@type\":\"SearchAction\",\"target\":{\"@type\":\"EntryPoint\",\"urlTemplate\":\"https:\/\/amurriobidean.org\/es\/?s={search_term_string}\"},\"query-input\":{\"@type\":\"PropertyValueSpecification\",\"valueRequired\":true,\"valueName\":\"search_term_string\"}}],\"inLanguage\":\"es\"}]}<\/script>\n<!-- \/ Yoast SEO plugin. -->","yoast_head_json":{"title":"Aprendizaje permanente - Amurrio Bidean. Garapen Agentzia - Agencia de desarrollo.","robots":{"index":"index","follow":"follow","max-snippet":"max-snippet:-1","max-image-preview":"max-image-preview:large","max-video-preview":"max-video-preview:-1"},"canonical":"https:\/\/amurriobidean.org\/es\/aprendizaje-permanente\/","og_locale":"es_ES","og_type":"article","og_title":"Aprendizaje permanente - Amurrio Bidean. Garapen Agentzia - Agencia de desarrollo.","og_url":"https:\/\/amurriobidean.org\/es\/aprendizaje-permanente\/","og_site_name":"Amurrio Bidean. Garapen Agentzia - Agencia de desarrollo.","article_publisher":"https:\/\/www.facebook.com\/amurrio.bidean","article_modified_time":"2023-12-04T12:08:04+00:00","twitter_card":"summary_large_image","twitter_site":"@amurriobidean","twitter_misc":{"Tiempo de lectura":"5 minutos"},"schema":{"@context":"https:\/\/schema.org","@graph":[{"@type":"WebPage","@id":"https:\/\/amurriobidean.org\/es\/aprendizaje-permanente\/","url":"https:\/\/amurriobidean.org\/es\/aprendizaje-permanente\/","name":"Aprendizaje permanente - Amurrio Bidean. Garapen Agentzia - Agencia de desarrollo.","isPartOf":{"@id":"https:\/\/amurriobidean.org\/es\/#website"},"datePublished":"2016-11-24T17:52:20+00:00","dateModified":"2023-12-04T12:08:04+00:00","breadcrumb":{"@id":"https:\/\/amurriobidean.org\/es\/aprendizaje-permanente\/#breadcrumb"},"inLanguage":"es","potentialAction":[{"@type":"ReadAction","target":["https:\/\/amurriobidean.org\/es\/aprendizaje-permanente\/"]}]},{"@type":"BreadcrumbList","@id":"https:\/\/amurriobidean.org\/es\/aprendizaje-permanente\/#breadcrumb","itemListElement":[{"@type":"ListItem","position":1,"name":"Portada","item":"https:\/\/amurriobidean.org\/es\/"},{"@type":"ListItem","position":2,"name":"Aprendizaje permanente"}]},{"@type":"WebSite","@id":"https:\/\/amurriobidean.org\/es\/#website","url":"https:\/\/amurriobidean.org\/es\/","name":"Amurrio Bidean. Garapen Agentzia - Agencia de desarrollo.","description":"Agencia de Desarollo Local de Amurrio","potentialAction":[{"@type":"SearchAction","target":{"@type":"EntryPoint","urlTemplate":"https:\/\/amurriobidean.org\/es\/?s={search_term_string}"},"query-input":{"@type":"PropertyValueSpecification","valueRequired":true,"valueName":"search_term_string"}}],"inLanguage":"es"}]}},"_links":{"self":[{"href":"https:\/\/amurriobidean.org\/es\/wp-json\/wp\/v2\/pages\/1256","targetHints":{"allow":["GET"]}}],"collection":[{"href":"https:\/\/amurriobidean.org\/es\/wp-json\/wp\/v2\/pages"}],"about":[{"href":"https:\/\/amurriobidean.org\/es\/wp-json\/wp\/v2\/types\/page"}],"author":[{"embeddable":true,"href":"https:\/\/amurriobidean.org\/es\/wp-json\/wp\/v2\/users\/1"}],"replies":[{"embeddable":true,"href":"https:\/\/amurriobidean.org\/es\/wp-json\/wp\/v2\/comments?post=1256"}],"version-history":[{"count":0,"href":"https:\/\/amurriobidean.org\/es\/wp-json\/wp\/v2\/pages\/1256\/revisions"}],"wp:attachment":[{"href":"https:\/\/amurriobidean.org\/es\/wp-json\/wp\/v2\/media?parent=1256"}],"curies":[{"name":"wp","href":"https:\/\/api.w.org\/{rel}","templated":true}]}}