{"id":1162,"date":"2016-11-24T06:33:42","date_gmt":"2016-11-24T06:33:42","guid":{"rendered":"http:\/\/amurriobidean.eus\/?page_id=1162"},"modified":"2023-07-28T06:05:15","modified_gmt":"2023-07-28T06:05:15","slug":"asesoramiento-en-gestion","status":"publish","type":"page","link":"https:\/\/amurriobidean.org\/es\/asesoramiento-en-gestion\/","title":{"rendered":"Asesoramiento en gesti\u00f3n"},"content":{"rendered":"\n<style type=\"text\/css\" data-created_by=\"avia_inline_auto\" id=\"style-css-av-pl0qve-d7c95ba88f95afa0224e22aed1bf58d9\">\n.avia-section.av-pl0qve-d7c95ba88f95afa0224e22aed1bf58d9{\nbackground-color:#00c389;\nbackground-image:unset;\n}\n<\/style>\n<div id='av_section_1'  class='avia-section av-pl0qve-d7c95ba88f95afa0224e22aed1bf58d9 main_color avia-section-default avia-no-border-styling  avia-builder-el-0  el_before_av_section  avia-builder-el-first  avia-bg-style-scroll container_wrap sidebar_right'  ><div class='container av-section-cont-open' ><main  role=\"main\" itemprop=\"mainContentOfPage\"  class='template-page content  av-content-small alpha units'><div class='post-entry post-entry-type-page post-entry-1162'><div class='entry-content-wrapper clearfix'>\n\n<style type=\"text\/css\" data-created_by=\"avia_inline_auto\" id=\"style-css-av-2dqg0a-a0721802c2d72c4e3bc5923134135559\">\n.flex_column.av-2dqg0a-a0721802c2d72c4e3bc5923134135559{\nborder-radius:0px 0px 0px 0px;\npadding:20px 0px 20px 0px;\nbackground-color:#00c389;\n}\n<\/style>\n<div  class='flex_column av-2dqg0a-a0721802c2d72c4e3bc5923134135559 av_one_full  avia-builder-el-1  avia-builder-el-no-sibling  first no_margin flex_column_div av-animated-generic fade-in  '     ><style type=\"text\/css\" data-created_by=\"avia_inline_auto\" id=\"style-css-av-4ygx6y-de88400d6ee133eee2e77c3b26a4cf58\">\n#top .av-special-heading.av-4ygx6y-de88400d6ee133eee2e77c3b26a4cf58{\npadding-bottom:10px;\ncolor:#ffffff;\nfont-size:35px;\n}\nbody .av-special-heading.av-4ygx6y-de88400d6ee133eee2e77c3b26a4cf58 .av-special-heading-tag .heading-char{\nfont-size:25px;\n}\n#top #wrap_all .av-special-heading.av-4ygx6y-de88400d6ee133eee2e77c3b26a4cf58 .av-special-heading-tag{\nfont-size:35px;\n}\n.av-special-heading.av-4ygx6y-de88400d6ee133eee2e77c3b26a4cf58 .special-heading-inner-border{\nborder-color:#ffffff;\n}\n.av-special-heading.av-4ygx6y-de88400d6ee133eee2e77c3b26a4cf58 .av-subheading{\nfont-size:15px;\n}\n\n@media only screen and (min-width: 480px) and (max-width: 767px){ \n#top #wrap_all .av-special-heading.av-4ygx6y-de88400d6ee133eee2e77c3b26a4cf58 .av-special-heading-tag{\nfont-size:0.8em;\n}\n}\n\n@media only screen and (max-width: 479px){ \n#top #wrap_all .av-special-heading.av-4ygx6y-de88400d6ee133eee2e77c3b26a4cf58 .av-special-heading-tag{\nfont-size:0.8em;\n}\n}\n<\/style>\n<div  class='av-special-heading av-4ygx6y-de88400d6ee133eee2e77c3b26a4cf58 av-special-heading-h1 custom-color-heading blockquote modern-quote modern-centered  avia-builder-el-2  avia-builder-el-no-sibling  av-inherit-size'><h1 class='av-special-heading-tag '  itemprop=\"headline\"  >ASESORAMIENTO EN GESTI\u00d3N<\/h1><div class=\"special-heading-border\"><div class=\"special-heading-inner-border\"><\/div><\/div><\/div><\/div>\n\n<\/div><\/div><\/main><!-- close content main element --><\/div><\/div><div id='av_section_2'  class='avia-section av-kg4soa-cbc667d7b943d7c6fc49725eeac52c91 main_color avia-section-default avia-no-shadow  avia-builder-el-3  el_after_av_section  avia-builder-el-last  avia-bg-style-scroll container_wrap sidebar_right'  ><div class='container av-section-cont-open' ><div class='template-page content  av-content-small alpha units'><div class='post-entry post-entry-type-page post-entry-1162'><div class='entry-content-wrapper clearfix'>\n\n<style type=\"text\/css\" data-created_by=\"avia_inline_auto\" id=\"style-css-av-j9a89m-e4eff07e35987e8cafbd14d607d0db0d\">\n.flex_column.av-j9a89m-e4eff07e35987e8cafbd14d607d0db0d{\nborder-radius:0px 0px 0px 0px;\npadding:0px 0px 0px 0px;\n}\n<\/style>\n<div  class='flex_column av-j9a89m-e4eff07e35987e8cafbd14d607d0db0d av_one_full  avia-builder-el-4  el_before_av_one_fifth  avia-builder-el-first  first flex_column_div av-zero-column-padding  '     ><style type=\"text\/css\" data-created_by=\"avia_inline_auto\" id=\"style-css-av-av_heading-bf0395be7a4e68ea99d8dd1336ca0d0f\">\n#top .av-special-heading.av-av_heading-bf0395be7a4e68ea99d8dd1336ca0d0f{\npadding-bottom:10px;\n}\nbody .av-special-heading.av-av_heading-bf0395be7a4e68ea99d8dd1336ca0d0f .av-special-heading-tag .heading-char{\nfont-size:25px;\n}\n.av-special-heading.av-av_heading-bf0395be7a4e68ea99d8dd1336ca0d0f .av-subheading{\nfont-size:15px;\n}\n<\/style>\n<div  class='av-special-heading av-av_heading-bf0395be7a4e68ea99d8dd1336ca0d0f av-special-heading-h2 blockquote modern-quote  avia-builder-el-5  avia-builder-el-no-sibling  av-thin-font'><h2 class='av-special-heading-tag '  itemprop=\"headline\"  >Proporcionamos los siguientes servicios a todas las <strong>PYMES<\/strong>, independientemente del sector en el que se encuadren:<\/h2><div class=\"special-heading-border\"><div class=\"special-heading-inner-border\"><\/div><\/div><\/div><\/div>\n<style type=\"text\/css\" data-created_by=\"avia_inline_auto\" id=\"style-css-av-gei63u-29779a63f657c090b4fbf2ad8937f44f\">\n.flex_column.av-gei63u-29779a63f657c090b4fbf2ad8937f44f{\nborder-radius:0px 0px 0px 0px;\npadding:0px 0px 0px 0px;\n}\n<\/style>\n<div  class='flex_column av-gei63u-29779a63f657c090b4fbf2ad8937f44f av_one_fifth  avia-builder-el-6  el_after_av_one_full  el_before_av_three_fifth  first flex_column_div av-zero-column-padding  column-top-margin'     ><\/div>\n<style type=\"text\/css\" data-created_by=\"avia_inline_auto\" id=\"style-css-av-e00yhm-af29b014b580b95bed2f8332c235e39d\">\n.flex_column.av-e00yhm-af29b014b580b95bed2f8332c235e39d{\nborder-radius:0px 0px 0px 0px;\npadding:0px 0px 0px 0px;\n}\n<\/style>\n<div  class='flex_column av-e00yhm-af29b014b580b95bed2f8332c235e39d av_three_fifth  avia-builder-el-7  el_after_av_one_fifth  el_before_av_one_fifth  flex_column_div av-zero-column-padding  column-top-margin'     ><style type=\"text\/css\" data-created_by=\"avia_inline_auto\" id=\"style-css-av-191w8q-3f0988f45ad7f890eaabf5fcfba92eb3\">\n#top .avia-icon-list-container.av-191w8q-3f0988f45ad7f890eaabf5fcfba92eb3 .iconlist_icon{\ncolor:#ffffff;\nbackground-color:#00c389;\n}\n#top .avia-icon-list-container.av-191w8q-3f0988f45ad7f890eaabf5fcfba92eb3 .iconlist_icon svg:first-child{\nstroke:#ffffff;\nfill:#ffffff;\n}\n<\/style>\n<div  class='avia-icon-list-container av-191w8q-3f0988f45ad7f890eaabf5fcfba92eb3  avia-builder-el-8  avia-builder-el-no-sibling '><ul class='avia-icon-list avia_animate_when_almost_visible avia-icon-list-left av-iconlist-big av-191w8q-3f0988f45ad7f890eaabf5fcfba92eb3 avia-iconlist-animate'>\n<li><div class='iconlist_icon av-bf6ep6-dfecb59190066eeabc624f101c5a5499 avia-font-entypo-fontello avia-iconfont avia-font-entypo-fontello'><span class='av-icon-char' data-av_icon='\ue812' data-av_iconfont='entypo-fontello' aria-hidden=\"true\"><\/span><\/div><article class=\"article-icon-entry \"  itemscope=\"itemscope\" itemtype=\"https:\/\/schema.org\/CreativeWork\" ><div class=\"iconlist_content_wrap\"><header class=\"entry-content-header\" aria-label=\"Icon: \"><\/header><div class='iconlist_content '  itemprop=\"text\" ><p>Informaci\u00f3n general sobre las materias de inter\u00e9s para la empresa, as\u00ed como direcciones y contactos que puedan resultar de utilidad (direcciones de organismos e instituciones, consultoras etc).<\/p>\n<\/div><\/div><footer class=\"entry-footer\"><\/footer><\/article><div class=\"iconlist-timeline\"><\/div><\/li>\n<li><div class='iconlist_icon av-9n8o1m-4af4f7ccb919cf0e1ad2f20dbd4ca90b avia-font-entypo-fontello avia-iconfont avia-font-entypo-fontello'><span class='av-icon-char' data-av_icon='\ue812' data-av_iconfont='entypo-fontello' aria-hidden=\"true\"><\/span><\/div><article class=\"article-icon-entry \"  itemscope=\"itemscope\" itemtype=\"https:\/\/schema.org\/CreativeWork\" ><div class=\"iconlist_content_wrap\"><header class=\"entry-content-header\" aria-label=\"Icon: \"><\/header><div class='iconlist_content '  itemprop=\"text\" ><p>Informaci\u00f3n en funci\u00f3n de las necesidades reales en temas espec\u00edficos como calidad, medio ambiente, prevenci\u00f3n riesgos laborales, nuevas tecnolog\u00edas, Ley Org\u00e1nica de Protecci\u00f3n de Datos, etc. y en todas aquellas \u00e1reas que pueden incrementar la competitividad de la empresa y optimizar sus resultados.<\/p>\n<\/div><\/div><footer class=\"entry-footer\"><\/footer><\/article><div class=\"iconlist-timeline\"><\/div><\/li>\n<li><div class='iconlist_icon av-7ojve2-95066c3656baf255b290d97aee0da31d avia-font-entypo-fontello avia-iconfont avia-font-entypo-fontello'><span class='av-icon-char' data-av_icon='\ue812' data-av_iconfont='entypo-fontello' aria-hidden=\"true\"><\/span><\/div><article class=\"article-icon-entry \"  itemscope=\"itemscope\" itemtype=\"https:\/\/schema.org\/CreativeWork\" ><div class=\"iconlist_content_wrap\"><header class=\"entry-content-header\" aria-label=\"Icon: \"><\/header><div class='iconlist_content '  itemprop=\"text\" ><p>Asesoramiento e intermediaci\u00f3n en la implantaci\u00f3n de procesos de mejora de la gesti\u00f3n empresarial mediante la Metodolog\u00eda e+d (\u00a0<a href=\"http:\/\/www.emasd.net\/\" target=\"_blank\" rel=\"noopener\">www.emasd.net<\/a>).<\/p>\n<\/div><\/div><footer class=\"entry-footer\"><\/footer><\/article><div class=\"iconlist-timeline\"><\/div><\/li>\n<li><div class='iconlist_icon av-68g88q-9a1edadded7481798afbceca6d9ab6bc avia-font-entypo-fontello avia-iconfont avia-font-entypo-fontello'><span class='av-icon-char' data-av_icon='\ue812' data-av_iconfont='entypo-fontello' aria-hidden=\"true\"><\/span><\/div><article class=\"article-icon-entry \"  itemscope=\"itemscope\" itemtype=\"https:\/\/schema.org\/CreativeWork\" ><div class=\"iconlist_content_wrap\"><header class=\"entry-content-header\" aria-label=\"Icon: \"><\/header><div class='iconlist_content '  itemprop=\"text\" ><p>Mikrogest.\u00a0 Breves y sencillas herramientas sobre gesti\u00f3n de empresa que permiten hacer diagn\u00f3stico empresariales, gu\u00edas para desarrollar planes estrat\u00e9gicos o de negocio, planes de Marketing, desarrollar la comunicaci\u00f3n interna, an\u00e1lisis econ\u00f3mico financieros, TIC\u00b4s, \u2026<\/p>\n<\/div><\/div><footer class=\"entry-footer\"><\/footer><\/article><div class=\"iconlist-timeline\"><\/div><\/li>\n<li><div class='iconlist_icon av-3lkszu-bcd93dc3d56b7ba3856a782385131924 avia-font-entypo-fontello avia-iconfont avia-font-entypo-fontello'><span class='av-icon-char' data-av_icon='\ue812' data-av_iconfont='entypo-fontello' aria-hidden=\"true\"><\/span><\/div><article class=\"article-icon-entry \"  itemscope=\"itemscope\" itemtype=\"https:\/\/schema.org\/CreativeWork\" ><div class=\"iconlist_content_wrap\"><header class=\"entry-content-header\" aria-label=\"Icon: \"><\/header><div class='iconlist_content '  itemprop=\"text\" ><p>Informaci\u00f3n sobre el suelo industrial del municipio.<\/p>\n<\/div><\/div><footer class=\"entry-footer\"><\/footer><\/article><div class=\"iconlist-timeline\"><\/div><\/li>\n<\/ul><\/div><\/div>\n<style type=\"text\/css\" data-created_by=\"avia_inline_auto\" id=\"style-css-av-3ao56y-67a8ebddc770ccee6da50401501e2e56\">\n.flex_column.av-3ao56y-67a8ebddc770ccee6da50401501e2e56{\nborder-radius:0px 0px 0px 0px;\npadding:0px 0px 0px 0px;\n}\n<\/style>\n<div  class='flex_column av-3ao56y-67a8ebddc770ccee6da50401501e2e56 av_one_fifth  avia-builder-el-9  el_after_av_three_fifth  el_before_av_one_fifth  flex_column_div av-zero-column-padding  column-top-margin'     ><\/div>\n<style type=\"text\/css\" data-created_by=\"avia_inline_auto\" id=\"style-css-av-av_one_fifth-79ff81c021393065cee878051452f6a6\">\n.flex_column.av-av_one_fifth-79ff81c021393065cee878051452f6a6{\nborder-radius:0px 0px 0px 0px;\npadding:0px 0px 0px 0px;\n}\n<\/style>\n<div  class='flex_column av-av_one_fifth-79ff81c021393065cee878051452f6a6 av_one_fifth  avia-builder-el-10  el_after_av_one_fifth  el_before_av_three_fifth  first flex_column_div av-zero-column-padding  column-top-margin'     ><\/div>\n<style type=\"text\/css\" data-created_by=\"avia_inline_auto\" id=\"style-css-av-lklfi36o-447164c26593d92f551e52dca5c88b01\">\n.flex_column.av-lklfi36o-447164c26593d92f551e52dca5c88b01{\nborder-radius:0px 0px 0px 0px;\npadding:30px 30px 30px 30px;\nbackground-color:#00c389;\n}\n<\/style>\n<div  class='flex_column av-lklfi36o-447164c26593d92f551e52dca5c88b01 av_three_fifth  avia-builder-el-11  el_after_av_one_fifth  el_before_av_one_fifth  flex_column_div  column-top-margin'     ><p>\n<style type=\"text\/css\" data-created_by=\"avia_inline_auto\" id=\"style-css-av-av_heading-e25ece2bae962872c92637663424c5d2\">\n#top .av-special-heading.av-av_heading-e25ece2bae962872c92637663424c5d2{\nmargin:10px 0 15px 0;\npadding-bottom:5px;\ncolor:#ffffff;\nfont-size:25px;\n}\nbody .av-special-heading.av-av_heading-e25ece2bae962872c92637663424c5d2 .av-special-heading-tag .heading-char{\nfont-size:25px;\n}\n#top #wrap_all .av-special-heading.av-av_heading-e25ece2bae962872c92637663424c5d2 .av-special-heading-tag{\nfont-size:25px;\n}\n.av-special-heading.av-av_heading-e25ece2bae962872c92637663424c5d2 .special-heading-inner-border{\nborder-color:#ffffff;\n}\n.av-special-heading.av-av_heading-e25ece2bae962872c92637663424c5d2 .av-subheading{\nfont-size:15px;\n}\n\n@media only screen and (min-width: 480px) and (max-width: 767px){ \n#top #wrap_all .av-special-heading.av-av_heading-e25ece2bae962872c92637663424c5d2 .av-special-heading-tag{\nfont-size:0.8em;\n}\n}\n\n@media only screen and (max-width: 479px){ \n#top #wrap_all .av-special-heading.av-av_heading-e25ece2bae962872c92637663424c5d2 .av-special-heading-tag{\nfont-size:0.8em;\n}\n}\n<\/style>\n<div  class='av-special-heading av-av_heading-e25ece2bae962872c92637663424c5d2 av-special-heading-h3 custom-color-heading blockquote modern-quote modern-centered  avia-builder-el-12  el_before_av_button  avia-builder-el-first  av-inherit-size av-linked-heading'><h3 class='av-special-heading-tag '  itemprop=\"headline\"  ><a class=\"av-heading-link\" href=\"\/es\/contacto\/\" >\u00bfTe interesa este servicio?<\/a><\/h3><div class=\"special-heading-border\"><div class=\"special-heading-inner-border\"><\/div><\/div><\/div><br \/>\n<div  class='avia-button-wrap av-lkl6dkta-e8d658788efb8fde1bbc906ede8de0a6-wrap avia-button-center  avia-builder-el-13  el_after_av_heading  avia-builder-el-last '><a href='\/es\/contacto\/'  class='avia-button av-lkl6dkta-e8d658788efb8fde1bbc906ede8de0a6 av-link-btn avia-icon_select-no avia-size-x-large avia-position-center avia-color-light'   aria-label=\"\u00a1Cont\u00e1ctanos!\"><span class='avia_iconbox_title' >\u00a1Cont\u00e1ctanos!<\/span><\/a><\/div><\/p><\/div>\n<style type=\"text\/css\" data-created_by=\"avia_inline_auto\" id=\"style-css-av-av_one_fifth-49f6e875884219cf77c24341e550af53\">\n.flex_column.av-av_one_fifth-49f6e875884219cf77c24341e550af53{\nborder-radius:0px 0px 0px 0px;\npadding:0px 0px 0px 0px;\n}\n<\/style>\n<div  class='flex_column av-av_one_fifth-49f6e875884219cf77c24341e550af53 av_one_fifth  avia-builder-el-14  el_after_av_three_fifth  avia-builder-el-last  flex_column_div av-zero-column-padding  column-top-margin'     ><\/div><\/div><\/div><\/div><!-- close content main div --><\/div><\/div><div id='after_section_2'  class='main_color av_default_container_wrap container_wrap sidebar_right'  ><div class='container av-section-cont-open' ><div class='template-page content  av-content-small alpha units'><div class='post-entry post-entry-type-page post-entry-1162'><div class='entry-content-wrapper clearfix'>\n","protected":false},"excerpt":{"rendered":"","protected":false},"author":1,"featured_media":0,"parent":0,"menu_order":0,"comment_status":"closed","ping_status":"closed","template":"","meta":{"footnotes":""},"class_list":["post-1162","page","type-page","status-publish","hentry"],"yoast_head":"<!-- This site is optimized with the Yoast SEO plugin v25.3 - https:\/\/yoast.com\/wordpress\/plugins\/seo\/ -->\n<title>Asesoramiento en gesti\u00f3n - Amurrio Bidean. Garapen Agentzia - Agencia de desarrollo.<\/title>\n<meta name=\"robots\" content=\"index, follow, max-snippet:-1, max-image-preview:large, max-video-preview:-1\" \/>\n<link rel=\"canonical\" href=\"https:\/\/amurriobidean.org\/es\/asesoramiento-en-gestion\/\" \/>\n<meta property=\"og:locale\" content=\"es_ES\" \/>\n<meta property=\"og:type\" content=\"article\" \/>\n<meta property=\"og:title\" content=\"Asesoramiento en gesti\u00f3n - Amurrio Bidean. Garapen Agentzia - Agencia de desarrollo.\" \/>\n<meta property=\"og:url\" content=\"https:\/\/amurriobidean.org\/es\/asesoramiento-en-gestion\/\" \/>\n<meta property=\"og:site_name\" content=\"Amurrio Bidean. Garapen Agentzia - Agencia de desarrollo.\" \/>\n<meta property=\"article:publisher\" content=\"https:\/\/www.facebook.com\/amurrio.bidean\" \/>\n<meta property=\"article:modified_time\" content=\"2023-07-28T06:05:15+00:00\" \/>\n<meta name=\"twitter:card\" content=\"summary_large_image\" \/>\n<meta name=\"twitter:site\" content=\"@amurriobidean\" \/>\n<meta name=\"twitter:label1\" content=\"Tiempo de lectura\" \/>\n\t<meta name=\"twitter:data1\" content=\"3 minutos\" \/>\n<script type=\"application\/ld+json\" class=\"yoast-schema-graph\">{\"@context\":\"https:\/\/schema.org\",\"@graph\":[{\"@type\":\"WebPage\",\"@id\":\"https:\/\/amurriobidean.org\/es\/asesoramiento-en-gestion\/\",\"url\":\"https:\/\/amurriobidean.org\/es\/asesoramiento-en-gestion\/\",\"name\":\"Asesoramiento en gesti\u00f3n - Amurrio Bidean. Garapen Agentzia - Agencia de desarrollo.\",\"isPartOf\":{\"@id\":\"https:\/\/amurriobidean.org\/es\/#website\"},\"datePublished\":\"2016-11-24T06:33:42+00:00\",\"dateModified\":\"2023-07-28T06:05:15+00:00\",\"breadcrumb\":{\"@id\":\"https:\/\/amurriobidean.org\/es\/asesoramiento-en-gestion\/#breadcrumb\"},\"inLanguage\":\"es\",\"potentialAction\":[{\"@type\":\"ReadAction\",\"target\":[\"https:\/\/amurriobidean.org\/es\/asesoramiento-en-gestion\/\"]}]},{\"@type\":\"BreadcrumbList\",\"@id\":\"https:\/\/amurriobidean.org\/es\/asesoramiento-en-gestion\/#breadcrumb\",\"itemListElement\":[{\"@type\":\"ListItem\",\"position\":1,\"name\":\"Portada\",\"item\":\"https:\/\/amurriobidean.org\/es\/\"},{\"@type\":\"ListItem\",\"position\":2,\"name\":\"Asesoramiento en gesti\u00f3n\"}]},{\"@type\":\"WebSite\",\"@id\":\"https:\/\/amurriobidean.org\/es\/#website\",\"url\":\"https:\/\/amurriobidean.org\/es\/\",\"name\":\"Amurrio Bidean. Garapen Agentzia - Agencia de desarrollo.\",\"description\":\"Agencia de Desarollo Local de Amurrio\",\"potentialAction\":[{\"@type\":\"SearchAction\",\"target\":{\"@type\":\"EntryPoint\",\"urlTemplate\":\"https:\/\/amurriobidean.org\/es\/?s={search_term_string}\"},\"query-input\":{\"@type\":\"PropertyValueSpecification\",\"valueRequired\":true,\"valueName\":\"search_term_string\"}}],\"inLanguage\":\"es\"}]}<\/script>\n<!-- \/ Yoast SEO plugin. -->","yoast_head_json":{"title":"Asesoramiento en gesti\u00f3n - Amurrio Bidean. Garapen Agentzia - Agencia de desarrollo.","robots":{"index":"index","follow":"follow","max-snippet":"max-snippet:-1","max-image-preview":"max-image-preview:large","max-video-preview":"max-video-preview:-1"},"canonical":"https:\/\/amurriobidean.org\/es\/asesoramiento-en-gestion\/","og_locale":"es_ES","og_type":"article","og_title":"Asesoramiento en gesti\u00f3n - Amurrio Bidean. Garapen Agentzia - Agencia de desarrollo.","og_url":"https:\/\/amurriobidean.org\/es\/asesoramiento-en-gestion\/","og_site_name":"Amurrio Bidean. Garapen Agentzia - Agencia de desarrollo.","article_publisher":"https:\/\/www.facebook.com\/amurrio.bidean","article_modified_time":"2023-07-28T06:05:15+00:00","twitter_card":"summary_large_image","twitter_site":"@amurriobidean","twitter_misc":{"Tiempo de lectura":"3 minutos"},"schema":{"@context":"https:\/\/schema.org","@graph":[{"@type":"WebPage","@id":"https:\/\/amurriobidean.org\/es\/asesoramiento-en-gestion\/","url":"https:\/\/amurriobidean.org\/es\/asesoramiento-en-gestion\/","name":"Asesoramiento en gesti\u00f3n - Amurrio Bidean. Garapen Agentzia - Agencia de desarrollo.","isPartOf":{"@id":"https:\/\/amurriobidean.org\/es\/#website"},"datePublished":"2016-11-24T06:33:42+00:00","dateModified":"2023-07-28T06:05:15+00:00","breadcrumb":{"@id":"https:\/\/amurriobidean.org\/es\/asesoramiento-en-gestion\/#breadcrumb"},"inLanguage":"es","potentialAction":[{"@type":"ReadAction","target":["https:\/\/amurriobidean.org\/es\/asesoramiento-en-gestion\/"]}]},{"@type":"BreadcrumbList","@id":"https:\/\/amurriobidean.org\/es\/asesoramiento-en-gestion\/#breadcrumb","itemListElement":[{"@type":"ListItem","position":1,"name":"Portada","item":"https:\/\/amurriobidean.org\/es\/"},{"@type":"ListItem","position":2,"name":"Asesoramiento en gesti\u00f3n"}]},{"@type":"WebSite","@id":"https:\/\/amurriobidean.org\/es\/#website","url":"https:\/\/amurriobidean.org\/es\/","name":"Amurrio Bidean. Garapen Agentzia - Agencia de desarrollo.","description":"Agencia de Desarollo Local de Amurrio","potentialAction":[{"@type":"SearchAction","target":{"@type":"EntryPoint","urlTemplate":"https:\/\/amurriobidean.org\/es\/?s={search_term_string}"},"query-input":{"@type":"PropertyValueSpecification","valueRequired":true,"valueName":"search_term_string"}}],"inLanguage":"es"}]}},"_links":{"self":[{"href":"https:\/\/amurriobidean.org\/es\/wp-json\/wp\/v2\/pages\/1162","targetHints":{"allow":["GET"]}}],"collection":[{"href":"https:\/\/amurriobidean.org\/es\/wp-json\/wp\/v2\/pages"}],"about":[{"href":"https:\/\/amurriobidean.org\/es\/wp-json\/wp\/v2\/types\/page"}],"author":[{"embeddable":true,"href":"https:\/\/amurriobidean.org\/es\/wp-json\/wp\/v2\/users\/1"}],"replies":[{"embeddable":true,"href":"https:\/\/amurriobidean.org\/es\/wp-json\/wp\/v2\/comments?post=1162"}],"version-history":[{"count":0,"href":"https:\/\/amurriobidean.org\/es\/wp-json\/wp\/v2\/pages\/1162\/revisions"}],"wp:attachment":[{"href":"https:\/\/amurriobidean.org\/es\/wp-json\/wp\/v2\/media?parent=1162"}],"curies":[{"name":"wp","href":"https:\/\/api.w.org\/{rel}","templated":true}]}}